{"id":117740,"date":"2025-11-27T09:39:11","date_gmt":"2025-11-27T08:39:11","guid":{"rendered":"https:\/\/h-moser.com\/?post_type=product&#038;p=117740"},"modified":"2025-12-03T11:07:27","modified_gmt":"2025-12-03T10:07:27","slug":"streamliner-genesis-two-6203-1200","status":"publish","type":"product","link":"https:\/\/h-moser.com\/de\/produkt\/streamliner-genesis-two-6203-1200\/","title":{"rendered":"Streamliner Genesis 2"},"content":{"rendered":"<p>Erleben Sie den zweiten Akt der Genesis-Trilogie. Fest in der Realit\u00e4t verankert, pr\u00e4sentiert sich die Streamliner Genesis 2 mit einem kissenf\u00f6rmigen Stahlgeh\u00e4use und einem integrierten Armband, das die charakteristischen fliessenden Formen und Finissagen der Streamliner fortf\u00fchrt. Auf dem Zifferblatt absorbiert Vantablack\u00ae 99,965 % des Lichts und schafft ein absolutes Schwarz, das die Zeiger perfekt zur Geltung bringt. Das Pixeldesign der Zeiger ist an die erste Genesis angelehnt und wird bei der im 3D-Druckverfahren gefertigten Krone aus Titan erneut aufgenommen. Die in limitierter Edition aufgelegte Uhr, die vom Kaliber HMC 203 angetrieben wird, markiert das zweite Kapitel des Triptychons: die R\u00fcckkehr zur Materie.<\/p>\n<p><strong>Die Streamliner Genesis 2 ist ausschlie\u00dflich f\u00fcr Genesis 1 Besitzer erh\u00e4ltlich.<\/strong><\/p>\n","protected":false},"excerpt":{"rendered":"<p>Erleben Sie den zweiten Akt der Genesis-Trilogie. Fest in der Realit\u00e4t verankert, pr\u00e4sentiert sich die Streamliner Genesis 2 mit einem kissenf\u00f6rmigen Stahlgeh\u00e4use und einem integrierten Armband, das die charakteristischen fliessenden Formen und Finissagen der Streamliner fortf\u00fchrt. Auf dem Zifferblatt absorbiert Vantablack\u00ae 99,965 % des Lichts und schafft ein absolutes Schwarz, das die Zeiger perfekt zur &hellip; <a href=\"https:\/\/h-moser.com\/de\/produkt\/streamliner-genesis-two-6203-1200\/\">Continued<\/a><\/p>\n","protected":false},"featured_media":117629,"template":"","meta":{"_acf_changed":false,"_seopress_robots_primary_cat":"none","_seopress_titles_title":"","_seopress_titles_desc":"","_seopress_robots_index":""},"product_brand":[],"product_cat":[102],"product_tag":[],"class_list":{"0":"post-117740","1":"product","2":"type-product","3":"status-publish","4":"has-post-thumbnail","6":"product_cat-streamliner-de","8":"first","9":"inaccessible","10":"shipping-taxable","11":"purchasable","12":"product-type-simple"},"acf":[],"_links":{"self":[{"href":"https:\/\/h-moser.com\/de\/wp-json\/wp\/v2\/product\/117740","targetHints":{"allow":["GET"]}}],"collection":[{"href":"https:\/\/h-moser.com\/de\/wp-json\/wp\/v2\/product"}],"about":[{"href":"https:\/\/h-moser.com\/de\/wp-json\/wp\/v2\/types\/product"}],"wp:featuredmedia":[{"embeddable":true,"href":"https:\/\/h-moser.com\/de\/wp-json\/wp\/v2\/media\/117629"}],"wp:attachment":[{"href":"https:\/\/h-moser.com\/de\/wp-json\/wp\/v2\/media?parent=117740"}],"wp:term":[{"taxonomy":"product_brand","embeddable":true,"href":"https:\/\/h-moser.com\/de\/wp-json\/wp\/v2\/product_brand?post=117740"},{"taxonomy":"product_cat","embeddable":true,"href":"https:\/\/h-moser.com\/de\/wp-json\/wp\/v2\/product_cat?post=117740"},{"taxonomy":"product_tag","embeddable":true,"href":"https:\/\/h-moser.com\/de\/wp-json\/wp\/v2\/product_tag?post=117740"}],"curies":[{"name":"wp","href":"https:\/\/api.w.org\/{rel}","templated":true}]}}