{"id":118148,"date":"2026-01-28T10:16:40","date_gmt":"2026-01-28T09:16:40","guid":{"rendered":"https:\/\/h-moser.com\/?post_type=product&#038;p=118148"},"modified":"2026-01-28T10:24:02","modified_gmt":"2026-01-28T09:24:02","slug":"endeavour-tourbillon-skeleton-1814-0400","status":"publish","type":"product","link":"https:\/\/h-moser.com\/de\/produkt\/endeavour-tourbillon-skeleton-1814-0400\/","title":{"rendered":"Endeavour Tourbillon Skeleton"},"content":{"rendered":"<p>Unsere minimalistische Philosophie in \u00e4usserster Konsequenz: Die Endeavour Tourbillon Skeleton ist vollst\u00e4ndig offen gearbeitet und von allem Entbehrlichen befreit. Sie treibt die Zeit mit einem vollst\u00e4ndig sichtbaren, fliegenden Minutentourbillon mit Doppelspirale voran. Im Herzen des 40-mm-Geh\u00e4uses aus Rotgold 5N schl\u00e4gt das skelettierte Kaliber HMC 814. Ein Zeitmesser f\u00fcr Menschen, f\u00fcr die weniger mehr ist und Reduktion die klarste Form der Offenbarung.<\/p>\n","protected":false},"excerpt":{"rendered":"<p>Unsere minimalistische Philosophie in \u00e4usserster Konsequenz: Die Endeavour Tourbillon Skeleton ist vollst\u00e4ndig offen gearbeitet und von allem Entbehrlichen befreit. Sie treibt die Zeit mit einem vollst\u00e4ndig sichtbaren, fliegenden Minutentourbillon mit Doppelspirale voran. Im Herzen des 40-mm-Geh\u00e4uses aus Rotgold 5N schl\u00e4gt das skelettierte Kaliber HMC 814. Ein Zeitmesser f\u00fcr Menschen, f\u00fcr die weniger mehr ist und &hellip; <a href=\"https:\/\/h-moser.com\/de\/produkt\/endeavour-tourbillon-skeleton-1814-0400\/\">Continued<\/a><\/p>\n","protected":false},"featured_media":118119,"template":"","meta":{"_acf_changed":false,"_seopress_robots_primary_cat":"none","_seopress_titles_title":"","_seopress_titles_desc":"","_seopress_robots_index":""},"product_brand":[],"product_cat":[171,219],"product_tag":[],"class_list":{"0":"post-118148","1":"product","2":"type-product","3":"status-publish","4":"has-post-thumbnail","6":"product_cat-endeavour-de","7":"product_cat-tourbillon-de","9":"first","10":"instock","11":"shipping-taxable","12":"purchasable","13":"product-type-simple"},"acf":[],"_links":{"self":[{"href":"https:\/\/h-moser.com\/de\/wp-json\/wp\/v2\/product\/118148","targetHints":{"allow":["GET"]}}],"collection":[{"href":"https:\/\/h-moser.com\/de\/wp-json\/wp\/v2\/product"}],"about":[{"href":"https:\/\/h-moser.com\/de\/wp-json\/wp\/v2\/types\/product"}],"wp:featuredmedia":[{"embeddable":true,"href":"https:\/\/h-moser.com\/de\/wp-json\/wp\/v2\/media\/118119"}],"wp:attachment":[{"href":"https:\/\/h-moser.com\/de\/wp-json\/wp\/v2\/media?parent=118148"}],"wp:term":[{"taxonomy":"product_brand","embeddable":true,"href":"https:\/\/h-moser.com\/de\/wp-json\/wp\/v2\/product_brand?post=118148"},{"taxonomy":"product_cat","embeddable":true,"href":"https:\/\/h-moser.com\/de\/wp-json\/wp\/v2\/product_cat?post=118148"},{"taxonomy":"product_tag","embeddable":true,"href":"https:\/\/h-moser.com\/de\/wp-json\/wp\/v2\/product_tag?post=118148"}],"curies":[{"name":"wp","href":"https:\/\/api.w.org\/{rel}","templated":true}]}}