{"id":118397,"date":"2026-02-18T10:04:15","date_gmt":"2026-02-18T09:04:15","guid":{"rendered":"https:\/\/h-moser.com\/?post_type=product&#038;p=118397"},"modified":"2026-02-18T10:20:55","modified_gmt":"2026-02-18T09:20:55","slug":"streamliner-tourbillon-6805-2100","status":"publish","type":"product","link":"https:\/\/h-moser.com\/de\/produkt\/streamliner-tourbillon-6805-2100\/","title":{"rendered":"Streamliner Tourbillon Concept Ceramic"},"content":{"rendered":"<p>Wir pr\u00e4sentieren unsere erste Kreation in Keramik: die Streamliner Tourbillon Concept Ceramic. Das faszinierende Material bringt die fliessenden Linien der Streamliner noch st\u00e4rker zur Geltung. Ihr kissenf\u00f6rmiges Geh\u00e4use und das integrierte Armband sind aus satt anthrazitfarbener Keramik gefertigt und bilden einen prachtvollen Kontrast zum Red Fum\u00e9 \u201eGrand Feu\u201c-Emaillezifferblatt, das wie von Feuer gek\u00fcsst erscheint. Diese Uhr brennt vor Intensit\u00e4t. Das fliegende Tourbillon bei 6 Uhr ist mit unserer charakteristischen Doppelspirale ausgestattet und macht die Kreation komplett, die zu unseren bislang radikalsten z\u00e4hlt.<\/p>\n","protected":false},"excerpt":{"rendered":"<p>Wir pr\u00e4sentieren unsere erste Kreation in Keramik: die Streamliner Tourbillon Concept Ceramic. Das faszinierende Material bringt die fliessenden Linien der Streamliner noch st\u00e4rker zur Geltung. Ihr kissenf\u00f6rmiges Geh\u00e4use und das integrierte Armband sind aus satt anthrazitfarbener Keramik gefertigt und bilden einen prachtvollen Kontrast zum Red Fum\u00e9 \u201eGrand Feu\u201c-Emaillezifferblatt, das wie von Feuer gek\u00fcsst erscheint. Diese &hellip; <a href=\"https:\/\/h-moser.com\/de\/produkt\/streamliner-tourbillon-6805-2100\/\">Continued<\/a><\/p>\n","protected":false},"featured_media":118435,"template":"","meta":{"_acf_changed":false,"_seopress_robots_primary_cat":"none","_seopress_titles_title":"","_seopress_titles_desc":"","_seopress_robots_index":""},"product_brand":[],"product_cat":[102,1681],"product_tag":[],"class_list":{"0":"post-118397","1":"product","2":"type-product","3":"status-publish","4":"has-post-thumbnail","6":"product_cat-streamliner-de","7":"product_cat-tourbillon-de-2","9":"first","10":"instock","11":"shipping-taxable","12":"purchasable","13":"product-type-simple"},"acf":[],"_links":{"self":[{"href":"https:\/\/h-moser.com\/de\/wp-json\/wp\/v2\/product\/118397","targetHints":{"allow":["GET"]}}],"collection":[{"href":"https:\/\/h-moser.com\/de\/wp-json\/wp\/v2\/product"}],"about":[{"href":"https:\/\/h-moser.com\/de\/wp-json\/wp\/v2\/types\/product"}],"wp:featuredmedia":[{"embeddable":true,"href":"https:\/\/h-moser.com\/de\/wp-json\/wp\/v2\/media\/118435"}],"wp:attachment":[{"href":"https:\/\/h-moser.com\/de\/wp-json\/wp\/v2\/media?parent=118397"}],"wp:term":[{"taxonomy":"product_brand","embeddable":true,"href":"https:\/\/h-moser.com\/de\/wp-json\/wp\/v2\/product_brand?post=118397"},{"taxonomy":"product_cat","embeddable":true,"href":"https:\/\/h-moser.com\/de\/wp-json\/wp\/v2\/product_cat?post=118397"},{"taxonomy":"product_tag","embeddable":true,"href":"https:\/\/h-moser.com\/de\/wp-json\/wp\/v2\/product_tag?post=118397"}],"curies":[{"name":"wp","href":"https:\/\/api.w.org\/{rel}","templated":true}]}}