{"id":118557,"date":"2026-03-02T09:45:46","date_gmt":"2026-03-02T08:45:46","guid":{"rendered":"https:\/\/h-moser.com\/?post_type=product&#038;p=118557"},"modified":"2026-03-02T09:58:33","modified_gmt":"2026-03-02T08:58:33","slug":"streamliner-flyback-chronograph-skeleton-6700-1201","status":"publish","type":"product","link":"https:\/\/h-moser.com\/de\/produkt\/streamliner-flyback-chronograph-skeleton-6700-1201\/","title":{"rendered":"Streamliner Alpine Drivers and Mechanics Pink Editions"},"content":{"rendered":"<p>Die Streamliner Alpine Drivers Pink Edition erobert die Rennstrecke in Pink, inspiriert von der auff\u00e4lligen zweiten Wagenlackierung des BWT Alpine Formula One Teams. Sie kennen diese Uhr, die in enger Zusammenarbeit mit den Alpine-Fahrern entwickelt wurde \u2013 doch jetzt tritt sie in einer neuen Farbe an. Freuen Sie sich \u00fcber all die sch\u00f6nen kleinen Details: Zwei V-f\u00f6rmige Br\u00fccken, inspiriert von der Aufh\u00e4ngung eines Einsitzers. Eine zentrale Br\u00fccke in Form eines Rennhelms am Geh\u00e4useboden. Ein durchbrochener Rotor, der an die Felgen des Alpine A110 erinnert. F\u00fcr den Antrieb sorgt das HMC 700, unser erstes vollst\u00e4ndig skelettiertes Chronographenkaliber, ausgestattet mit einer Flyback-Funktion f\u00fcr sofortige, pr\u00e4zise Zeitmessung. Adrenalin pur. Jetzt in Pink.<\/p>\n","protected":false},"excerpt":{"rendered":"<p>Die Streamliner Alpine Drivers Pink Edition erobert die Rennstrecke in Pink, inspiriert von der auff\u00e4lligen zweiten Wagenlackierung des BWT Alpine Formula One Teams. Sie kennen diese Uhr, die in enger Zusammenarbeit mit den Alpine-Fahrern entwickelt wurde \u2013 doch jetzt tritt sie in einer neuen Farbe an. Freuen Sie sich \u00fcber all die sch\u00f6nen kleinen Details: &hellip; <a href=\"https:\/\/h-moser.com\/de\/produkt\/streamliner-flyback-chronograph-skeleton-6700-1201\/\">Continued<\/a><\/p>\n","protected":false},"featured_media":118512,"template":"","meta":{"_acf_changed":false,"_seopress_robots_primary_cat":"none","_seopress_titles_title":"","_seopress_titles_desc":"","_seopress_robots_index":""},"product_brand":[],"product_cat":[1960,102],"product_tag":[],"class_list":{"0":"post-118557","1":"product","2":"type-product","3":"status-publish","4":"has-post-thumbnail","6":"product_cat-alpine-limited-edition-de","7":"product_cat-streamliner-de","9":"first","10":"instock","11":"shipping-taxable","12":"purchasable","13":"product-type-simple"},"acf":[],"_links":{"self":[{"href":"https:\/\/h-moser.com\/de\/wp-json\/wp\/v2\/product\/118557","targetHints":{"allow":["GET"]}}],"collection":[{"href":"https:\/\/h-moser.com\/de\/wp-json\/wp\/v2\/product"}],"about":[{"href":"https:\/\/h-moser.com\/de\/wp-json\/wp\/v2\/types\/product"}],"wp:featuredmedia":[{"embeddable":true,"href":"https:\/\/h-moser.com\/de\/wp-json\/wp\/v2\/media\/118512"}],"wp:attachment":[{"href":"https:\/\/h-moser.com\/de\/wp-json\/wp\/v2\/media?parent=118557"}],"wp:term":[{"taxonomy":"product_brand","embeddable":true,"href":"https:\/\/h-moser.com\/de\/wp-json\/wp\/v2\/product_brand?post=118557"},{"taxonomy":"product_cat","embeddable":true,"href":"https:\/\/h-moser.com\/de\/wp-json\/wp\/v2\/product_cat?post=118557"},{"taxonomy":"product_tag","embeddable":true,"href":"https:\/\/h-moser.com\/de\/wp-json\/wp\/v2\/product_tag?post=118557"}],"curies":[{"name":"wp","href":"https:\/\/api.w.org\/{rel}","templated":true}]}}