{"id":119554,"date":"2026-05-12T09:50:32","date_gmt":"2026-05-12T07:50:32","guid":{"rendered":"https:\/\/h-moser.com\/?post_type=product&#038;p=119554"},"modified":"2026-05-12T10:09:47","modified_gmt":"2026-05-12T08:09:47","slug":"streamliner-small-seconds-6500-1201","status":"publish","type":"product","link":"https:\/\/h-moser.com\/de\/produkt\/streamliner-small-seconds-6500-1201\/","title":{"rendered":"Streamliner Small Seconds Lime Green Enamel Boutique Edition"},"content":{"rendered":"<p>Die frische Interpretation einer Moser-Ikone. Diese j\u00fcngste Edition, die exklusiv f\u00fcr unsere Boutiquen kreiert wurde, vereint ein markantes \u201eGrand-Feu\u201c-Emaillezifferblatt in Lime Green Fum\u00e9 mit einem kissenf\u00f6rmigen 39-mm-Stahlgeh\u00e4use und einem nahtlos integrierten Armband. Durch den Geh\u00e4useboden sehen Sie unser hauseigenes Automatikwerk HMC 500, das mit einem Mikrorotor aus Platin und zeitgem\u00e4ssen Moser-Veredelungen aufwartet. Eine Symphonie in Gr\u00fcn, mit der Sie stets im Rampenlicht stehen.<\/p>\n","protected":false},"excerpt":{"rendered":"<p>Die frische Interpretation einer Moser-Ikone. Diese j\u00fcngste Edition, die exklusiv f\u00fcr unsere Boutiquen kreiert wurde, vereint ein markantes \u201eGrand-Feu\u201c-Emaillezifferblatt in Lime Green Fum\u00e9 mit einem kissenf\u00f6rmigen 39-mm-Stahlgeh\u00e4use und einem nahtlos integrierten Armband. Durch den Geh\u00e4useboden sehen Sie unser hauseigenes Automatikwerk HMC 500, das mit einem Mikrorotor aus Platin und zeitgem\u00e4ssen Moser-Veredelungen aufwartet. Eine Symphonie in &hellip; <a href=\"https:\/\/h-moser.com\/de\/produkt\/streamliner-small-seconds-6500-1201\/\">Continued<\/a><\/p>\n","protected":false},"featured_media":119499,"template":"","meta":{"_acf_changed":false,"_seopress_robots_primary_cat":"none","_seopress_titles_title":"","_seopress_titles_desc":"","_seopress_robots_index":""},"product_brand":[],"product_cat":[1833,102],"product_tag":[],"class_list":{"0":"post-119554","1":"product","2":"type-product","3":"status-publish","4":"has-post-thumbnail","6":"product_cat-small-seconds-de-2","7":"product_cat-streamliner-de","9":"first","10":"instock","11":"shipping-taxable","12":"purchasable","13":"product-type-simple"},"acf":[],"_links":{"self":[{"href":"https:\/\/h-moser.com\/de\/wp-json\/wp\/v2\/product\/119554","targetHints":{"allow":["GET"]}}],"collection":[{"href":"https:\/\/h-moser.com\/de\/wp-json\/wp\/v2\/product"}],"about":[{"href":"https:\/\/h-moser.com\/de\/wp-json\/wp\/v2\/types\/product"}],"wp:featuredmedia":[{"embeddable":true,"href":"https:\/\/h-moser.com\/de\/wp-json\/wp\/v2\/media\/119499"}],"wp:attachment":[{"href":"https:\/\/h-moser.com\/de\/wp-json\/wp\/v2\/media?parent=119554"}],"wp:term":[{"taxonomy":"product_brand","embeddable":true,"href":"https:\/\/h-moser.com\/de\/wp-json\/wp\/v2\/product_brand?post=119554"},{"taxonomy":"product_cat","embeddable":true,"href":"https:\/\/h-moser.com\/de\/wp-json\/wp\/v2\/product_cat?post=119554"},{"taxonomy":"product_tag","embeddable":true,"href":"https:\/\/h-moser.com\/de\/wp-json\/wp\/v2\/product_tag?post=119554"}],"curies":[{"name":"wp","href":"https:\/\/api.w.org\/{rel}","templated":true}]}}