{"id":1333,"date":"2020-02-21T20:43:38","date_gmt":"2020-02-21T19:43:38","guid":{"rendered":"https:\/\/shop-now.h-moser.com\/produit\/endeavour-small-seconds\/"},"modified":"2020-10-19T17:21:12","modified_gmt":"2020-10-19T15:21:12","slug":"endeavour-small-seconds","status":"publish","type":"product","link":"https:\/\/h-moser.com\/de\/produkt\/endeavour-small-seconds\/","title":{"rendered":"ENDEAVOUR SMALL SECONDS"},"content":{"rendered":"<p>Die Endeavour ist die puristischste Kollektion von H. Moser &amp; Cie. Sie bringt Form, Farbe und Linien in ein perfekt harmonisches Gleichgewicht und bleibt dabei den Traditionen der Uhrmacherkunst treu. Das Argent\u00e9-Zifferblatt der Endeavour Small Seconds ist von einem Ros\u00e9goldgeh\u00e4use umschlossen und funkelt im Sonnenlicht. Das hauseigene Kaliber HMC 321 mit seiner Frequenz von 18.000 Halbschwingungen pro Stunde gew\u00e4hrleistet, dass die Uhr tagelang l\u00e4uft, ohne aufgezogen werden zu m\u00fcssen.<\/p>\n","protected":false},"excerpt":{"rendered":"<p>Die Endeavour ist die puristischste Kollektion von H. Moser &amp; Cie. Sie bringt Form, Farbe und Linien in ein perfekt harmonisches Gleichgewicht und bleibt dabei den Traditionen der Uhrmacherkunst treu. Das Argent\u00e9-Zifferblatt der Endeavour Small Seconds ist von einem Ros\u00e9goldgeh\u00e4use umschlossen und funkelt im Sonnenlicht. Das hauseigene Kaliber HMC 321 mit seiner Frequenz von 18.000 &hellip; <a href=\"https:\/\/h-moser.com\/de\/produkt\/endeavour-small-seconds\/\">Continued<\/a><\/p>\n","protected":false},"featured_media":14177,"template":"","meta":{"_acf_changed":false,"_seopress_robots_primary_cat":"none","_seopress_titles_title":"H. Moser &amp; Cie. watches ENDEAVOUR SMALL SECONDS","_seopress_titles_desc":"Die Endeavour ist die puristischste Kollektion von H. Moser &amp; Cie. Sie bringt Form, Farbe und Linien in ein perfekt harmonisches Gleichgewicht und bleibt dabei den Traditionen der Uhrmacherkunst treu.","_seopress_robots_index":""},"product_brand":[],"product_cat":[84],"product_tag":[],"class_list":{"0":"post-1333","1":"product","2":"type-product","3":"status-publish","4":"has-post-thumbnail","6":"product_cat-pre-owned-de-2","8":"first","9":"outofstock","10":"shipping-taxable","11":"purchasable","12":"product-type-simple"},"acf":[],"_links":{"self":[{"href":"https:\/\/h-moser.com\/de\/wp-json\/wp\/v2\/product\/1333","targetHints":{"allow":["GET"]}}],"collection":[{"href":"https:\/\/h-moser.com\/de\/wp-json\/wp\/v2\/product"}],"about":[{"href":"https:\/\/h-moser.com\/de\/wp-json\/wp\/v2\/types\/product"}],"wp:featuredmedia":[{"embeddable":true,"href":"https:\/\/h-moser.com\/de\/wp-json\/wp\/v2\/media\/14177"}],"wp:attachment":[{"href":"https:\/\/h-moser.com\/de\/wp-json\/wp\/v2\/media?parent=1333"}],"wp:term":[{"taxonomy":"product_brand","embeddable":true,"href":"https:\/\/h-moser.com\/de\/wp-json\/wp\/v2\/product_brand?post=1333"},{"taxonomy":"product_cat","embeddable":true,"href":"https:\/\/h-moser.com\/de\/wp-json\/wp\/v2\/product_cat?post=1333"},{"taxonomy":"product_tag","embeddable":true,"href":"https:\/\/h-moser.com\/de\/wp-json\/wp\/v2\/product_tag?post=1333"}],"curies":[{"name":"wp","href":"https:\/\/api.w.org\/{rel}","templated":true}]}}