{"id":1340,"date":"2020-02-25T23:30:32","date_gmt":"2020-02-25T22:30:32","guid":{"rendered":"https:\/\/shop-now.h-moser.com\/produit\/endeavour-centre-seconds-concept-2\/"},"modified":"2020-10-19T16:09:33","modified_gmt":"2020-10-19T14:09:33","slug":"endeavour-centre-seconds-concept-2","status":"publish","type":"product","link":"https:\/\/h-moser.com\/de\/produkt\/endeavour-centre-seconds-concept-2\/","title":{"rendered":"ENDEAVOUR CENTRE SECONDS CONCEPT"},"content":{"rendered":"<p>Die Endeavour ist die puristischste Kollektion von H. Moser &amp; Cie. Sie bringt Form, Farbe und Linien in ein perfekt harmonisches Gleichgewicht und bleibt dabei den Traditionen der Uhrmacherkunst treu. Die Referenz 1343-0207 pr\u00e4sentiert die Zeit auf einem Midnight Blue Fum\u00e9-Zifferblatt mit drei Zeigern. Dabei f\u00fchrt sie die Uhrmacherkunst auf das Wesentliche zur\u00fcck \u2013 sie braucht weder ein Logo noch Text oder Indizes. Auf nur 10 Exemplare limitiert, ist diese Endeavour Centre Seconds Concept fast so rar wie die Zeit selbst.<\/p>\n","protected":false},"excerpt":{"rendered":"<p>Die Endeavour ist die puristischste Kollektion von H. Moser &amp; Cie. Sie bringt Form, Farbe und Linien in ein perfekt harmonisches Gleichgewicht und bleibt dabei den Traditionen der Uhrmacherkunst treu. Die Referenz 1343-0207 pr\u00e4sentiert die Zeit auf einem Midnight Blue Fum\u00e9-Zifferblatt mit drei Zeigern. Dabei f\u00fchrt sie die Uhrmacherkunst auf das Wesentliche zur\u00fcck \u2013 sie &hellip; <a href=\"https:\/\/h-moser.com\/de\/produkt\/endeavour-centre-seconds-concept-2\/\">Continued<\/a><\/p>\n","protected":false},"featured_media":14338,"template":"","meta":{"_acf_changed":false,"_seopress_robots_primary_cat":"none","_seopress_titles_title":"H. Moser &amp; Cie. watches ENDEAVOUR CENTRE SECONDS CONCEPT","_seopress_titles_desc":"Die Endeavour ist die puristischste Kollektion von H. Moser &amp; Cie. Sie bringt Form, Farbe und Linien in ein perfekt harmonisches Gleichgewicht und bleibt dabei den Traditionen der Uhrmacherkunst treu.","_seopress_robots_index":""},"product_brand":[],"product_cat":[84],"product_tag":[],"class_list":{"0":"post-1340","1":"product","2":"type-product","3":"status-publish","4":"has-post-thumbnail","6":"product_cat-pre-owned-de-2","8":"first","9":"outofstock","10":"shipping-taxable","11":"purchasable","12":"product-type-simple"},"acf":[],"_links":{"self":[{"href":"https:\/\/h-moser.com\/de\/wp-json\/wp\/v2\/product\/1340","targetHints":{"allow":["GET"]}}],"collection":[{"href":"https:\/\/h-moser.com\/de\/wp-json\/wp\/v2\/product"}],"about":[{"href":"https:\/\/h-moser.com\/de\/wp-json\/wp\/v2\/types\/product"}],"wp:featuredmedia":[{"embeddable":true,"href":"https:\/\/h-moser.com\/de\/wp-json\/wp\/v2\/media\/14338"}],"wp:attachment":[{"href":"https:\/\/h-moser.com\/de\/wp-json\/wp\/v2\/media?parent=1340"}],"wp:term":[{"taxonomy":"product_brand","embeddable":true,"href":"https:\/\/h-moser.com\/de\/wp-json\/wp\/v2\/product_brand?post=1340"},{"taxonomy":"product_cat","embeddable":true,"href":"https:\/\/h-moser.com\/de\/wp-json\/wp\/v2\/product_cat?post=1340"},{"taxonomy":"product_tag","embeddable":true,"href":"https:\/\/h-moser.com\/de\/wp-json\/wp\/v2\/product_tag?post=1340"}],"curies":[{"name":"wp","href":"https:\/\/api.w.org\/{rel}","templated":true}]}}