{"id":1347,"date":"2020-02-25T23:40:45","date_gmt":"2020-02-25T22:40:45","guid":{"rendered":"https:\/\/shop-now.h-moser.com\/produit\/endeavour-centre-seconds-concept-3\/"},"modified":"2020-10-19T15:35:53","modified_gmt":"2020-10-19T13:35:53","slug":"endeavour-centre-seconds-concept-3","status":"publish","type":"product","link":"https:\/\/h-moser.com\/de\/produkt\/endeavour-centre-seconds-concept-3\/","title":{"rendered":"ENDEAVOUR CENTRE SECONDS CONCEPT"},"content":{"rendered":"<p>Was H. Moser &amp; Cie. mit der Endeavour Centre Seconds Concept Funky Blue erreicht, ist die R\u00fcckkehr zum Essenziellen. Ihr prachtvolles himmelblaues Fum\u00e9-Zifferblatt kommt v\u00f6llig ohne Indizes, Logos oder Markenzeichen aus und kann dadurch frei und ungehindert seine volle Wirkung entfalten. Die Sch\u00f6nheit der subtilen Farbnuancen des Sonnenschliff-Designs wird zus\u00e4tzlich durch den Sfumato-Effekt unterstrichen, \u00e4hnlich wie in Bildern von Renaissance-Malern.<\/p>\n","protected":false},"excerpt":{"rendered":"<p>Was H. Moser &amp; Cie. mit der Endeavour Centre Seconds Concept Funky Blue erreicht, ist die R\u00fcckkehr zum Essenziellen. Ihr prachtvolles himmelblaues Fum\u00e9-Zifferblatt kommt v\u00f6llig ohne Indizes, Logos oder Markenzeichen aus und kann dadurch frei und ungehindert seine volle Wirkung entfalten. Die Sch\u00f6nheit der subtilen Farbnuancen des Sonnenschliff-Designs wird zus\u00e4tzlich durch den Sfumato-Effekt unterstrichen, \u00e4hnlich &hellip; <a href=\"https:\/\/h-moser.com\/de\/produkt\/endeavour-centre-seconds-concept-3\/\">Continued<\/a><\/p>\n","protected":false},"featured_media":14396,"template":"","meta":{"_acf_changed":false,"_seopress_robots_primary_cat":"none","_seopress_titles_title":"","_seopress_titles_desc":"","_seopress_robots_index":""},"product_brand":[],"product_cat":[84],"product_tag":[],"class_list":{"0":"post-1347","1":"product","2":"type-product","3":"status-publish","4":"has-post-thumbnail","6":"product_cat-pre-owned-de-2","8":"first","9":"outofstock","10":"shipping-taxable","11":"purchasable","12":"product-type-simple"},"acf":[],"_links":{"self":[{"href":"https:\/\/h-moser.com\/de\/wp-json\/wp\/v2\/product\/1347","targetHints":{"allow":["GET"]}}],"collection":[{"href":"https:\/\/h-moser.com\/de\/wp-json\/wp\/v2\/product"}],"about":[{"href":"https:\/\/h-moser.com\/de\/wp-json\/wp\/v2\/types\/product"}],"wp:featuredmedia":[{"embeddable":true,"href":"https:\/\/h-moser.com\/de\/wp-json\/wp\/v2\/media\/14396"}],"wp:attachment":[{"href":"https:\/\/h-moser.com\/de\/wp-json\/wp\/v2\/media?parent=1347"}],"wp:term":[{"taxonomy":"product_brand","embeddable":true,"href":"https:\/\/h-moser.com\/de\/wp-json\/wp\/v2\/product_brand?post=1347"},{"taxonomy":"product_cat","embeddable":true,"href":"https:\/\/h-moser.com\/de\/wp-json\/wp\/v2\/product_cat?post=1347"},{"taxonomy":"product_tag","embeddable":true,"href":"https:\/\/h-moser.com\/de\/wp-json\/wp\/v2\/product_tag?post=1347"}],"curies":[{"name":"wp","href":"https:\/\/api.w.org\/{rel}","templated":true}]}}