{"id":19314,"date":"2021-02-12T13:33:04","date_gmt":"2021-02-12T11:32:49","guid":{"rendered":"https:\/\/h-moser.com\/?post_type=product&#038;p=19314"},"modified":"2021-02-12T12:38:40","modified_gmt":"2021-02-12T11:38:40","slug":"venturer-swiss-mad","status":"publish","type":"product","link":"https:\/\/h-moser.com\/de\/produkt\/venturer-swiss-mad\/","title":{"rendered":"Venturer Swiss Mad"},"content":{"rendered":"<p>Entstanden als Antwort auf die neue Regelung zum \u201eSwiss Made\u201c-Label f\u00fcr Uhren, verk\u00f6rpert die Venturer Swiss Mad die Werte der Schweizer Haute Horlogerie. Das ebenso symboltr\u00e4chtige wie kunstvolle Modell verf\u00fcgt \u00fcber ein rotes Fum\u00e9-Zifferblatt mit vier weissen Indizes, die auf die Schweizer Flagge verweisen. Ein handgen\u00e4htes Rindslederarmband macht diese Uhr, von der nur 50 Exemplare hergestellt wurden, komplett.<\/p>\n","protected":false},"excerpt":{"rendered":"<p>Entstanden als Antwort auf die neue Regelung zum \u201eSwiss Made\u201c-Label f\u00fcr Uhren, verk\u00f6rpert die Venturer Swiss Mad die Werte der Schweizer Haute Horlogerie. Das ebenso symboltr\u00e4chtige wie kunstvolle Modell verf\u00fcgt \u00fcber ein rotes Fum\u00e9-Zifferblatt mit vier weissen Indizes, die auf die Schweizer Flagge verweisen. Ein handgen\u00e4htes Rindslederarmband macht diese Uhr, von der nur 50 Exemplare &hellip; <a href=\"https:\/\/h-moser.com\/de\/produkt\/venturer-swiss-mad\/\">Continued<\/a><\/p>\n","protected":false},"featured_media":19200,"template":"","meta":{"_acf_changed":false,"_seopress_robots_primary_cat":"none","_seopress_titles_title":"","_seopress_titles_desc":"","_seopress_robots_index":""},"product_brand":[],"product_cat":[84],"product_tag":[],"class_list":{"0":"post-19314","1":"product","2":"type-product","3":"status-publish","4":"has-post-thumbnail","6":"product_cat-pre-owned-de-2","8":"first","9":"outofstock","10":"shipping-taxable","11":"purchasable","12":"product-type-simple"},"acf":[],"_links":{"self":[{"href":"https:\/\/h-moser.com\/de\/wp-json\/wp\/v2\/product\/19314","targetHints":{"allow":["GET"]}}],"collection":[{"href":"https:\/\/h-moser.com\/de\/wp-json\/wp\/v2\/product"}],"about":[{"href":"https:\/\/h-moser.com\/de\/wp-json\/wp\/v2\/types\/product"}],"wp:featuredmedia":[{"embeddable":true,"href":"https:\/\/h-moser.com\/de\/wp-json\/wp\/v2\/media\/19200"}],"wp:attachment":[{"href":"https:\/\/h-moser.com\/de\/wp-json\/wp\/v2\/media?parent=19314"}],"wp:term":[{"taxonomy":"product_brand","embeddable":true,"href":"https:\/\/h-moser.com\/de\/wp-json\/wp\/v2\/product_brand?post=19314"},{"taxonomy":"product_cat","embeddable":true,"href":"https:\/\/h-moser.com\/de\/wp-json\/wp\/v2\/product_cat?post=19314"},{"taxonomy":"product_tag","embeddable":true,"href":"https:\/\/h-moser.com\/de\/wp-json\/wp\/v2\/product_tag?post=19314"}],"curies":[{"name":"wp","href":"https:\/\/api.w.org\/{rel}","templated":true}]}}