{"id":21361,"date":"2021-04-01T09:02:43","date_gmt":"2021-04-01T07:03:10","guid":{"rendered":"https:\/\/h-moser.com\/?post_type=product&#038;p=21361"},"modified":"2024-03-06T15:16:16","modified_gmt":"2024-03-06T14:16:16","slug":"endeavour-centre-seconds-x-seconde-seconde","status":"publish","type":"product","link":"https:\/\/h-moser.com\/de\/produkt\/endeavour-centre-seconds-x-seconde-seconde\/","title":{"rendered":"Endeavour Centre Seconds X seconde\/seconde\/"},"content":{"rendered":"<p>Die Uhr, die sich in die ebenso minimalistische wie markante Endeavour Kollektion von H. Moser &amp; Cie. einreiht, ist das Ergebnis einer Zusammenarbeit mit seconde\/seconde\/ und akzentuiert die charakteristischen Concept-Zifferbl\u00e4tter, f\u00fcr die die Marke bekannt geworden ist.<br \/>\nBei dieser Endeavour Centre Seconds aus Stahl mit Funky Blue Fum\u00e9-Zifferblatt wurde der Stundenzeiger durch einen Radierer ersetzt \u2013 eine Anspielung auf das Entfernen der Indizes und des Logos. Das Modell ist exklusiv online erh\u00e4ltlich, auf nur 20 Exemplare limitiert und wird mit einer gerahmten k\u00fcnstlerischen Darstellung der Uhr geliefert.<\/p>\n","protected":false},"excerpt":{"rendered":"<p>Die Uhr, die sich in die ebenso minimalistische wie markante Endeavour Kollektion von H. Moser &amp; Cie. einreiht, ist das Ergebnis einer Zusammenarbeit mit seconde\/seconde\/ und akzentuiert die charakteristischen Concept-Zifferbl\u00e4tter, f\u00fcr die die Marke bekannt geworden ist. Bei dieser Endeavour Centre Seconds aus Stahl mit Funky Blue Fum\u00e9-Zifferblatt wurde der Stundenzeiger durch einen Radierer ersetzt &hellip; <a href=\"https:\/\/h-moser.com\/de\/produkt\/endeavour-centre-seconds-x-seconde-seconde\/\">Continued<\/a><\/p>\n","protected":false},"featured_media":21348,"template":"","meta":{"_acf_changed":false,"_seopress_robots_primary_cat":"none","_seopress_titles_title":"","_seopress_titles_desc":"","_seopress_robots_index":""},"product_brand":[],"product_cat":[171,1895],"product_tag":[],"class_list":{"0":"post-21361","1":"product","2":"type-product","3":"status-publish","4":"has-post-thumbnail","6":"product_cat-endeavour-de","7":"product_cat-endeavour-models-de","9":"first","10":"unavailable","11":"shipping-taxable","12":"purchasable","13":"product-type-simple"},"acf":[],"_links":{"self":[{"href":"https:\/\/h-moser.com\/de\/wp-json\/wp\/v2\/product\/21361","targetHints":{"allow":["GET"]}}],"collection":[{"href":"https:\/\/h-moser.com\/de\/wp-json\/wp\/v2\/product"}],"about":[{"href":"https:\/\/h-moser.com\/de\/wp-json\/wp\/v2\/types\/product"}],"wp:featuredmedia":[{"embeddable":true,"href":"https:\/\/h-moser.com\/de\/wp-json\/wp\/v2\/media\/21348"}],"wp:attachment":[{"href":"https:\/\/h-moser.com\/de\/wp-json\/wp\/v2\/media?parent=21361"}],"wp:term":[{"taxonomy":"product_brand","embeddable":true,"href":"https:\/\/h-moser.com\/de\/wp-json\/wp\/v2\/product_brand?post=21361"},{"taxonomy":"product_cat","embeddable":true,"href":"https:\/\/h-moser.com\/de\/wp-json\/wp\/v2\/product_cat?post=21361"},{"taxonomy":"product_tag","embeddable":true,"href":"https:\/\/h-moser.com\/de\/wp-json\/wp\/v2\/product_tag?post=21361"}],"curies":[{"name":"wp","href":"https:\/\/api.w.org\/{rel}","templated":true}]}}