{"id":26130,"date":"2021-08-30T09:30:11","date_gmt":"2021-08-30T07:34:37","guid":{"rendered":"https:\/\/h-moser.com\/?post_type=product&#038;p=26130"},"modified":"2021-10-05T09:47:45","modified_gmt":"2021-10-05T07:47:45","slug":"streamliner-perpetual-calendar","status":"publish","type":"product","link":"https:\/\/h-moser.com\/de\/produkt\/streamliner-perpetual-calendar\/","title":{"rendered":"Streamliner Perpetual Calendar"},"content":{"rendered":"<p>Die Streamliner Perpetual Calendar in Stahl mit Fum\u00e9-Zifferblatt stellt einer der raffiniertesten und intuitivsten Komplikationen zur Schau, die die Uhrmacherkunst kennt. Neben der Funktion zum blitzschnellen Datumswechsel bietet ihr preisgekr\u00f6ntes Werk jetzt dreidimensionale Zeiger f\u00fcr die Stunden und Minuten. Das schlanke Stahlarmband, die innovativen Globolight\u00ae-Eins\u00e4tze und das charakteristische Fum\u00e9-Zifferblatt runden die H. Moser &amp; Cie. \u00c4sthetik perfekt ab.<\/p>\n","protected":false},"excerpt":{"rendered":"<p>Die Streamliner Perpetual Calendar in Stahl mit Fum\u00e9-Zifferblatt stellt einer der raffiniertesten und intuitivsten Komplikationen zur Schau, die die Uhrmacherkunst kennt. Neben der Funktion zum blitzschnellen Datumswechsel bietet ihr preisgekr\u00f6ntes Werk jetzt dreidimensionale Zeiger f\u00fcr die Stunden und Minuten. Das schlanke Stahlarmband, die innovativen Globolight\u00ae-Eins\u00e4tze und das charakteristische Fum\u00e9-Zifferblatt runden die H. Moser &amp; Cie. &hellip; <a href=\"https:\/\/h-moser.com\/de\/produkt\/streamliner-perpetual-calendar\/\">Continued<\/a><\/p>\n","protected":false},"featured_media":26072,"template":"","meta":{"_acf_changed":false,"_seopress_robots_primary_cat":"none","_seopress_titles_title":"","_seopress_titles_desc":"","_seopress_robots_index":""},"product_brand":[],"product_cat":[15],"product_tag":[],"class_list":{"0":"post-26130","1":"product","2":"type-product","3":"status-publish","4":"has-post-thumbnail","6":"product_cat-non-classe","8":"first","9":"instock","10":"shipping-taxable","11":"purchasable","12":"product-type-simple"},"acf":[],"_links":{"self":[{"href":"https:\/\/h-moser.com\/de\/wp-json\/wp\/v2\/product\/26130","targetHints":{"allow":["GET"]}}],"collection":[{"href":"https:\/\/h-moser.com\/de\/wp-json\/wp\/v2\/product"}],"about":[{"href":"https:\/\/h-moser.com\/de\/wp-json\/wp\/v2\/types\/product"}],"wp:featuredmedia":[{"embeddable":true,"href":"https:\/\/h-moser.com\/de\/wp-json\/wp\/v2\/media\/26072"}],"wp:attachment":[{"href":"https:\/\/h-moser.com\/de\/wp-json\/wp\/v2\/media?parent=26130"}],"wp:term":[{"taxonomy":"product_brand","embeddable":true,"href":"https:\/\/h-moser.com\/de\/wp-json\/wp\/v2\/product_brand?post=26130"},{"taxonomy":"product_cat","embeddable":true,"href":"https:\/\/h-moser.com\/de\/wp-json\/wp\/v2\/product_cat?post=26130"},{"taxonomy":"product_tag","embeddable":true,"href":"https:\/\/h-moser.com\/de\/wp-json\/wp\/v2\/product_tag?post=26130"}],"curies":[{"name":"wp","href":"https:\/\/api.w.org\/{rel}","templated":true}]}}