{"id":37830,"date":"2022-01-19T09:18:08","date_gmt":"2022-01-19T08:27:14","guid":{"rendered":"https:\/\/h-moser.com\/?post_type=product&#038;p=37830"},"modified":"2024-03-06T15:16:35","modified_gmt":"2024-03-06T14:16:35","slug":"endeavour-small-seconds-total-eclipse-1327-1200","status":"publish","type":"product","link":"https:\/\/h-moser.com\/de\/produkt\/endeavour-small-seconds-total-eclipse-1327-1200\/","title":{"rendered":"Endeavour Small Seconds Total Eclipse"},"content":{"rendered":"<p>Die Endeavour Small Seconds Total Eclipse ist aus der aussergew\u00f6hnlichen Zusammenarbeit zweier Marken aus unterschiedlichen Welten geboren und vereint das Beste aus beiden. Die exklusive, in zwei Varianten erh\u00e4ltliche Uhr ist inspiriert von der Herrenbekleidungsmarke <span style=\"color: #007aff;\"><a style=\"color: #007aff;\" href=\"https:\/\/thearmoury.com\/\" target=\"_blank\" rel=\"noopener noreferrer\">The Armoury<\/a><\/span> und deren Wertsch\u00e4tzung f\u00fcr feine Handwerkskunst und herausragender Eleganz. Die Breguet-Zeiger und die dezenten Indizes bilden einen eindrucksvollen Kontrast zum Vantablack\u00ae-Zifferblatt und sorgen zugleich f\u00fcr eine meisterhaft ausgeglichene \u00c4sthetik..<\/p>\n","protected":false},"excerpt":{"rendered":"<p>Die Endeavour Small Seconds Total Eclipse ist aus der aussergew\u00f6hnlichen Zusammenarbeit zweier Marken aus unterschiedlichen Welten geboren und vereint das Beste aus beiden. Die exklusive, in zwei Varianten erh\u00e4ltliche Uhr ist inspiriert von der Herrenbekleidungsmarke The Armoury und deren Wertsch\u00e4tzung f\u00fcr feine Handwerkskunst und herausragender Eleganz. Die Breguet-Zeiger und die dezenten Indizes bilden einen eindrucksvollen &hellip; <a href=\"https:\/\/h-moser.com\/de\/produkt\/endeavour-small-seconds-total-eclipse-1327-1200\/\">Continued<\/a><\/p>\n","protected":false},"featured_media":37821,"template":"","meta":{"_acf_changed":false,"_seopress_robots_primary_cat":"none","_seopress_titles_title":"","_seopress_titles_desc":"","_seopress_robots_index":""},"product_brand":[],"product_cat":[171,1895],"product_tag":[],"class_list":{"0":"post-37830","1":"product","2":"type-product","3":"status-publish","4":"has-post-thumbnail","6":"product_cat-endeavour-de","7":"product_cat-endeavour-models-de","9":"first","10":"unavailable","11":"shipping-taxable","12":"purchasable","13":"product-type-simple"},"acf":[],"_links":{"self":[{"href":"https:\/\/h-moser.com\/de\/wp-json\/wp\/v2\/product\/37830","targetHints":{"allow":["GET"]}}],"collection":[{"href":"https:\/\/h-moser.com\/de\/wp-json\/wp\/v2\/product"}],"about":[{"href":"https:\/\/h-moser.com\/de\/wp-json\/wp\/v2\/types\/product"}],"wp:featuredmedia":[{"embeddable":true,"href":"https:\/\/h-moser.com\/de\/wp-json\/wp\/v2\/media\/37821"}],"wp:attachment":[{"href":"https:\/\/h-moser.com\/de\/wp-json\/wp\/v2\/media?parent=37830"}],"wp:term":[{"taxonomy":"product_brand","embeddable":true,"href":"https:\/\/h-moser.com\/de\/wp-json\/wp\/v2\/product_brand?post=37830"},{"taxonomy":"product_cat","embeddable":true,"href":"https:\/\/h-moser.com\/de\/wp-json\/wp\/v2\/product_cat?post=37830"},{"taxonomy":"product_tag","embeddable":true,"href":"https:\/\/h-moser.com\/de\/wp-json\/wp\/v2\/product_tag?post=37830"}],"curies":[{"name":"wp","href":"https:\/\/api.w.org\/{rel}","templated":true}]}}