{"id":39784,"date":"2024-11-19T09:08:28","date_gmt":"2022-02-14T08:23:11","guid":{"rendered":"https:\/\/h-moser.com\/?post_type=product&#038;p=39784"},"modified":"2022-02-18T13:53:22","modified_gmt":"2022-02-18T12:53:22","slug":"endeavour-perpetual-calendar-1800-0204","status":"publish","type":"product","link":"https:\/\/h-moser.com\/de\/produkt\/endeavour-perpetual-calendar-1800-0204\/","title":{"rendered":"Endeavour Perpetual Calendar"},"content":{"rendered":"<p>Die Endeavour Perpetual Calendar mit Funky Blue Fum\u00e9-Zifferblatt und transparentem Logo ist eine Hommage an die einzigartige Komplikation von H. Moser &amp; Cie., die die \u201eWeniger ist mehr\u201c-Philosophie der Marke perfekt verk\u00f6rpert. Der Monat l\u00e4sst sich bei diesem Ewigen Kalender mithilfe der bestehenden 12 Indizes intuitiv auf einen Blick ablesen, und der Double-Pull-Crown-Mechanismus erm\u00f6glicht es, das Datum zu jeder Tages- und Nachtzeit vor- und r\u00fcckw\u00e4rts zu verstellen.<\/p>\n","protected":false},"excerpt":{"rendered":"<p>Die Endeavour Perpetual Calendar mit Funky Blue Fum\u00e9-Zifferblatt und transparentem Logo ist eine Hommage an die einzigartige Komplikation von H. Moser &amp; Cie., die die \u201eWeniger ist mehr\u201c-Philosophie der Marke perfekt verk\u00f6rpert. Der Monat l\u00e4sst sich bei diesem Ewigen Kalender mithilfe der bestehenden 12 Indizes intuitiv auf einen Blick ablesen, und der Double-Pull-Crown-Mechanismus erm\u00f6glicht es, &hellip; <a href=\"https:\/\/h-moser.com\/de\/produkt\/endeavour-perpetual-calendar-1800-0204\/\">Continued<\/a><\/p>\n","protected":false},"featured_media":39622,"template":"","meta":{"_acf_changed":false,"_seopress_robots_primary_cat":"none","_seopress_titles_title":"","_seopress_titles_desc":"","_seopress_robots_index":""},"product_brand":[],"product_cat":[200],"product_tag":[],"class_list":{"0":"post-39784","1":"product","2":"type-product","3":"status-publish","4":"has-post-thumbnail","6":"product_cat-perpetual-calendar-de-2","8":"first","9":"instock","10":"shipping-taxable","11":"purchasable","12":"product-type-simple"},"acf":[],"_links":{"self":[{"href":"https:\/\/h-moser.com\/de\/wp-json\/wp\/v2\/product\/39784","targetHints":{"allow":["GET"]}}],"collection":[{"href":"https:\/\/h-moser.com\/de\/wp-json\/wp\/v2\/product"}],"about":[{"href":"https:\/\/h-moser.com\/de\/wp-json\/wp\/v2\/types\/product"}],"wp:featuredmedia":[{"embeddable":true,"href":"https:\/\/h-moser.com\/de\/wp-json\/wp\/v2\/media\/39622"}],"wp:attachment":[{"href":"https:\/\/h-moser.com\/de\/wp-json\/wp\/v2\/media?parent=39784"}],"wp:term":[{"taxonomy":"product_brand","embeddable":true,"href":"https:\/\/h-moser.com\/de\/wp-json\/wp\/v2\/product_brand?post=39784"},{"taxonomy":"product_cat","embeddable":true,"href":"https:\/\/h-moser.com\/de\/wp-json\/wp\/v2\/product_cat?post=39784"},{"taxonomy":"product_tag","embeddable":true,"href":"https:\/\/h-moser.com\/de\/wp-json\/wp\/v2\/product_tag?post=39784"}],"curies":[{"name":"wp","href":"https:\/\/api.w.org\/{rel}","templated":true}]}}