{"id":41989,"date":"2025-03-31T15:40:49","date_gmt":"2022-03-22T08:38:06","guid":{"rendered":"https:\/\/h-moser.com\/?post_type=product&#038;p=41989"},"modified":"2024-03-26T17:03:11","modified_gmt":"2024-03-26T16:03:11","slug":"endeavour-centre-seconds-concept-lime-green-1200-1233","status":"publish","type":"product","link":"https:\/\/h-moser.com\/de\/produkt\/endeavour-centre-seconds-concept-lime-green-1200-1233\/","title":{"rendered":"Endeavour Centre Seconds Concept Lime Green"},"content":{"rendered":"<p>Mit einer geh\u00e4mmerten Textur und makelloser Ombr\u00e9-\u00c4sthetik greift das Emaille-Zifferblatt der Endeavour Centre Seconds Concept Lime Green die traditionelle Kunst des Emaillierens auf und pr\u00e4sentiert sie auf moderne Weise. Das Modell mit Stahlgeh\u00e4use beherbergt ein Automatikwerk mit doppelter Spiralfeder. Die Neuinterpretation der faszinierenden \u201eGrand Feu\u201c-Emaille zieht die Blicke magisch an.<\/p>\n","protected":false},"excerpt":{"rendered":"<p>Mit einer geh\u00e4mmerten Textur und makelloser Ombr\u00e9-\u00c4sthetik greift das Emaille-Zifferblatt der Endeavour Centre Seconds Concept Lime Green die traditionelle Kunst des Emaillierens auf und pr\u00e4sentiert sie auf moderne Weise. Das Modell mit Stahlgeh\u00e4use beherbergt ein Automatikwerk mit doppelter Spiralfeder. Die Neuinterpretation der faszinierenden \u201eGrand Feu\u201c-Emaille zieht die Blicke magisch an.<\/p>\n","protected":false},"featured_media":41945,"template":"","meta":{"_acf_changed":false,"_seopress_robots_primary_cat":"none","_seopress_titles_title":"","_seopress_titles_desc":"","_seopress_robots_index":""},"product_brand":[],"product_cat":[176],"product_tag":[],"class_list":{"0":"post-41989","1":"product","2":"type-product","3":"status-publish","4":"has-post-thumbnail","6":"product_cat-centre-seconds-de","8":"first","9":"instock","10":"shipping-taxable","11":"purchasable","12":"product-type-simple"},"acf":[],"_links":{"self":[{"href":"https:\/\/h-moser.com\/de\/wp-json\/wp\/v2\/product\/41989","targetHints":{"allow":["GET"]}}],"collection":[{"href":"https:\/\/h-moser.com\/de\/wp-json\/wp\/v2\/product"}],"about":[{"href":"https:\/\/h-moser.com\/de\/wp-json\/wp\/v2\/types\/product"}],"wp:featuredmedia":[{"embeddable":true,"href":"https:\/\/h-moser.com\/de\/wp-json\/wp\/v2\/media\/41945"}],"wp:attachment":[{"href":"https:\/\/h-moser.com\/de\/wp-json\/wp\/v2\/media?parent=41989"}],"wp:term":[{"taxonomy":"product_brand","embeddable":true,"href":"https:\/\/h-moser.com\/de\/wp-json\/wp\/v2\/product_brand?post=41989"},{"taxonomy":"product_cat","embeddable":true,"href":"https:\/\/h-moser.com\/de\/wp-json\/wp\/v2\/product_cat?post=41989"},{"taxonomy":"product_tag","embeddable":true,"href":"https:\/\/h-moser.com\/de\/wp-json\/wp\/v2\/product_tag?post=41989"}],"curies":[{"name":"wp","href":"https:\/\/api.w.org\/{rel}","templated":true}]}}