{"id":42380,"date":"2022-03-29T09:21:40","date_gmt":"2022-03-29T07:22:16","guid":{"rendered":"https:\/\/h-moser.com\/?post_type=product&#038;p=42380"},"modified":"2024-03-26T16:50:59","modified_gmt":"2024-03-26T15:50:59","slug":"pioneer-cylindrical-tourbillon-skeleton","status":"publish","type":"product","link":"https:\/\/h-moser.com\/de\/produkt\/pioneer-cylindrical-tourbillon-skeleton\/","title":{"rendered":"Pioneer Cylindrical Tourbillon Skeleton"},"content":{"rendered":"<p>Die Pioneer Cylindrical Tourbillon Skeleton aus Stahl ist f\u00fcr die unabh\u00e4ngige Manufaktur die Erste ihrer Art: Sie ist bei 12 Uhr mit einem gew\u00f6lbten Zifferblatt in Funky Blue Fum\u00e9 versehen und erm\u00f6glicht es, alle Finessen des aussergew\u00f6hnlichen dreidimensionalen Uhrwerks zu bewundern. Mit der Kombination aus zylindrischer Spiralfeder und einem fliegenden Minutentourbillon bei 6 Uhr garantiert dieser Zeitmesser h\u00f6chste Pr\u00e4zision und bietet dabei ein faszinierendes Schauspiel aus Bewegung und Kontrasten.<\/p>\n","protected":false},"excerpt":{"rendered":"<p>Die Pioneer Cylindrical Tourbillon Skeleton aus Stahl ist f\u00fcr die unabh\u00e4ngige Manufaktur die Erste ihrer Art: Sie ist bei 12 Uhr mit einem gew\u00f6lbten Zifferblatt in Funky Blue Fum\u00e9 versehen und erm\u00f6glicht es, alle Finessen des aussergew\u00f6hnlichen dreidimensionalen Uhrwerks zu bewundern. Mit der Kombination aus zylindrischer Spiralfeder und einem fliegenden Minutentourbillon bei 6 Uhr garantiert &hellip; <a href=\"https:\/\/h-moser.com\/de\/produkt\/pioneer-cylindrical-tourbillon-skeleton\/\">Continued<\/a><\/p>\n","protected":false},"featured_media":42692,"template":"","meta":{"_acf_changed":false,"_seopress_robots_primary_cat":"none","_seopress_titles_title":"","_seopress_titles_desc":"","_seopress_robots_index":""},"product_brand":[],"product_cat":[1533,276],"product_tag":[],"class_list":{"0":"post-42380","1":"product","2":"type-product","3":"status-publish","4":"has-post-thumbnail","6":"product_cat-cylindrical-tourbillon-2-de","7":"product_cat-pioneer-de","9":"first","10":"instock","11":"shipping-taxable","12":"purchasable","13":"product-type-simple"},"acf":[],"_links":{"self":[{"href":"https:\/\/h-moser.com\/de\/wp-json\/wp\/v2\/product\/42380","targetHints":{"allow":["GET"]}}],"collection":[{"href":"https:\/\/h-moser.com\/de\/wp-json\/wp\/v2\/product"}],"about":[{"href":"https:\/\/h-moser.com\/de\/wp-json\/wp\/v2\/types\/product"}],"wp:featuredmedia":[{"embeddable":true,"href":"https:\/\/h-moser.com\/de\/wp-json\/wp\/v2\/media\/42692"}],"wp:attachment":[{"href":"https:\/\/h-moser.com\/de\/wp-json\/wp\/v2\/media?parent=42380"}],"wp:term":[{"taxonomy":"product_brand","embeddable":true,"href":"https:\/\/h-moser.com\/de\/wp-json\/wp\/v2\/product_brand?post=42380"},{"taxonomy":"product_cat","embeddable":true,"href":"https:\/\/h-moser.com\/de\/wp-json\/wp\/v2\/product_cat?post=42380"},{"taxonomy":"product_tag","embeddable":true,"href":"https:\/\/h-moser.com\/de\/wp-json\/wp\/v2\/product_tag?post=42380"}],"curies":[{"name":"wp","href":"https:\/\/api.w.org\/{rel}","templated":true}]}}