{"id":46191,"date":"2024-11-18T09:22:41","date_gmt":"2022-05-18T07:31:19","guid":{"rendered":"https:\/\/h-moser.com\/?post_type=product&#038;p=46191"},"modified":"2022-05-18T10:39:18","modified_gmt":"2022-05-18T08:39:18","slug":"endeavour-concept-minute-repeater-tourbillon-aqua-blue-1904-0400","status":"publish","type":"product","link":"https:\/\/h-moser.com\/de\/produkt\/endeavour-concept-minute-repeater-tourbillon-aqua-blue-1904-0400\/","title":{"rendered":"Endeavour Concept Minute Repeater"},"content":{"rendered":"<p>Die hochkomplexe Mechanik der Endeavour Concept Minute Repeater Tourbillon aus Rotgold mit Aqua Blue-Zifferblatt ist ein kinetisches Spektakel und gleichzeitig eine meisterhafte Symphonie. Die Gongs und H\u00e4mmer, welche die technischen Grenzen herausfordern, sind k\u00fchn auf der Zifferblattseite in einem zierlichen 40-mm-Geh\u00e4use platziert. Das faszinierende Konzert wird von einem Grand-Feu-Emailzifferblatt in einer brandneuen Farbe auf einem Grund mit geh\u00e4mmerter Textur untermalt.<\/p>\n","protected":false},"excerpt":{"rendered":"<p>Die hochkomplexe Mechanik der Endeavour Concept Minute Repeater Tourbillon aus Rotgold mit Aqua Blue-Zifferblatt ist ein kinetisches Spektakel und gleichzeitig eine meisterhafte Symphonie. Die Gongs und H\u00e4mmer, welche die technischen Grenzen herausfordern, sind k\u00fchn auf der Zifferblattseite in einem zierlichen 40-mm-Geh\u00e4use platziert. Das faszinierende Konzert wird von einem Grand-Feu-Emailzifferblatt in einer brandneuen Farbe auf einem &hellip; <a href=\"https:\/\/h-moser.com\/de\/produkt\/endeavour-concept-minute-repeater-tourbillon-aqua-blue-1904-0400\/\">Continued<\/a><\/p>\n","protected":false},"featured_media":46235,"template":"","meta":{"_acf_changed":false,"_seopress_robots_primary_cat":"none","_seopress_titles_title":"","_seopress_titles_desc":"","_seopress_robots_index":""},"product_brand":[],"product_cat":[171,1339,226,193],"product_tag":[],"class_list":{"0":"post-46191","1":"product","2":"type-product","3":"status-publish","4":"has-post-thumbnail","6":"product_cat-endeavour-de","7":"product_cat-endeavour-minute-repeater-de","8":"product_cat-exceptionals-de","9":"product_cat-minute-repeater-de","11":"first","12":"instock","13":"shipping-taxable","14":"product-type-simple"},"acf":[],"_links":{"self":[{"href":"https:\/\/h-moser.com\/de\/wp-json\/wp\/v2\/product\/46191","targetHints":{"allow":["GET"]}}],"collection":[{"href":"https:\/\/h-moser.com\/de\/wp-json\/wp\/v2\/product"}],"about":[{"href":"https:\/\/h-moser.com\/de\/wp-json\/wp\/v2\/types\/product"}],"wp:featuredmedia":[{"embeddable":true,"href":"https:\/\/h-moser.com\/de\/wp-json\/wp\/v2\/media\/46235"}],"wp:attachment":[{"href":"https:\/\/h-moser.com\/de\/wp-json\/wp\/v2\/media?parent=46191"}],"wp:term":[{"taxonomy":"product_brand","embeddable":true,"href":"https:\/\/h-moser.com\/de\/wp-json\/wp\/v2\/product_brand?post=46191"},{"taxonomy":"product_cat","embeddable":true,"href":"https:\/\/h-moser.com\/de\/wp-json\/wp\/v2\/product_cat?post=46191"},{"taxonomy":"product_tag","embeddable":true,"href":"https:\/\/h-moser.com\/de\/wp-json\/wp\/v2\/product_tag?post=46191"}],"curies":[{"name":"wp","href":"https:\/\/api.w.org\/{rel}","templated":true}]}}