{"id":48238,"date":"2022-06-15T15:40:14","date_gmt":"2022-06-15T13:41:34","guid":{"rendered":"https:\/\/h-moser.com\/?post_type=product&#038;p=48238"},"modified":"2024-11-28T14:46:31","modified_gmt":"2024-11-28T13:46:31","slug":"streamliner-chronograph-undefeated-6902-1206","status":"publish","type":"product","link":"https:\/\/h-moser.com\/de\/produkt\/streamliner-chronograph-undefeated-6902-1206\/","title":{"rendered":"Streamliner Chronograph UNDEFEATED"},"content":{"rendered":"<p>Die Streamliner Chronograph Automatic aus DLC-beschichtetem Stahl mit Tiger Camo Fum\u00e9-Zifferblatt ist das ebenso k\u00fchne wie stilvolle Ergebnis der Zusammenarbeit zwischen H. Moser &amp; Cie. und der Streetwear-Marke<a href=\"https:\/\/undefeated.com\/\"> UNDEFEATED<\/a>. Bei diesem Modell, das die gemeinsamen Werte Integrit\u00e4t und unerschrockene Selbstentfaltung ausstrahlt, pr\u00e4sentiert sich die geniale Flyback-Chronographenfunktion auf einem Muster, das in das Zifferblatt eingraviert und mit mehreren Lackschichten in verschiedenen Farbschattierungen versehen ist. Die markante DLC-Beschichtung auf dem kissenf\u00f6rmigen Geh\u00e4use und dem integrierten Stahlarmband runden den k\u00fchnen Look der Uhr ab. Zur besonderen Feier dieser Kooperation erhalten die Kunden eine Capsule Collection mit passender Wanduhr und Tiger-Camo-Jacke.<\/p>\n","protected":false},"excerpt":{"rendered":"<p>Die Streamliner Chronograph Automatic aus DLC-beschichtetem Stahl mit Tiger Camo Fum\u00e9-Zifferblatt ist das ebenso k\u00fchne wie stilvolle Ergebnis der Zusammenarbeit zwischen H. Moser &amp; Cie. und der Streetwear-Marke UNDEFEATED. Bei diesem Modell, das die gemeinsamen Werte Integrit\u00e4t und unerschrockene Selbstentfaltung ausstrahlt, pr\u00e4sentiert sich die geniale Flyback-Chronographenfunktion auf einem Muster, das in das Zifferblatt eingraviert und &hellip; <a href=\"https:\/\/h-moser.com\/de\/produkt\/streamliner-chronograph-undefeated-6902-1206\/\">Continued<\/a><\/p>\n","protected":false},"featured_media":48012,"template":"","meta":{"_acf_changed":false,"_seopress_robots_primary_cat":"none","_seopress_titles_title":"","_seopress_titles_desc":"","_seopress_robots_index":""},"product_brand":[],"product_cat":[1595,102],"product_tag":[],"class_list":{"0":"post-48238","1":"product","2":"type-product","3":"status-publish","4":"has-post-thumbnail","6":"product_cat-chronograph-undefeated-de","7":"product_cat-streamliner-de","9":"first","10":"outofstock","11":"shipping-taxable","12":"purchasable","13":"product-type-simple"},"acf":[],"_links":{"self":[{"href":"https:\/\/h-moser.com\/de\/wp-json\/wp\/v2\/product\/48238","targetHints":{"allow":["GET"]}}],"collection":[{"href":"https:\/\/h-moser.com\/de\/wp-json\/wp\/v2\/product"}],"about":[{"href":"https:\/\/h-moser.com\/de\/wp-json\/wp\/v2\/types\/product"}],"wp:featuredmedia":[{"embeddable":true,"href":"https:\/\/h-moser.com\/de\/wp-json\/wp\/v2\/media\/48012"}],"wp:attachment":[{"href":"https:\/\/h-moser.com\/de\/wp-json\/wp\/v2\/media?parent=48238"}],"wp:term":[{"taxonomy":"product_brand","embeddable":true,"href":"https:\/\/h-moser.com\/de\/wp-json\/wp\/v2\/product_brand?post=48238"},{"taxonomy":"product_cat","embeddable":true,"href":"https:\/\/h-moser.com\/de\/wp-json\/wp\/v2\/product_cat?post=48238"},{"taxonomy":"product_tag","embeddable":true,"href":"https:\/\/h-moser.com\/de\/wp-json\/wp\/v2\/product_tag?post=48238"}],"curies":[{"name":"wp","href":"https:\/\/api.w.org\/{rel}","templated":true}]}}