{"id":52690,"date":"2022-08-24T09:12:15","date_gmt":"2022-08-24T07:14:58","guid":{"rendered":"https:\/\/h-moser.com\/?post_type=product&#038;p=52690"},"modified":"2024-11-21T13:32:49","modified_gmt":"2024-11-21T12:32:49","slug":"streamliner-tourbillon-6804-0400","status":"publish","type":"product","link":"https:\/\/h-moser.com\/de\/produkt\/streamliner-tourbillon-6804-0400\/","title":{"rendered":"Streamliner Tourbillon"},"content":{"rendered":"<p>Nach der Ausf\u00fchrung ganz in Stahl pr\u00e4sentiert H. Moser &amp; Cie. jetzt eine Streamliner in Rotgold. Der schlanke Look dieser Ode an den Minimalismus bildet die perfekte Erg\u00e4nzung zur Komplexit\u00e4t des Uhrwerks und der gew\u00e4hlten Materialien. In einem spektakul\u00e4ren Spiel der Kontraste destilliert H. Moser &amp; Cie. die Manufaktur die Essenz des Tourbillons heraus \u2013 der traditionellen hohen Komplikation schlechthin \u2013 und kombiniert diesen Mechanismus mit Vantablack\u00ae, einer innovativen Beschichtung, die der Luftfahrtindustrie entstammt und in der Astrophysik verwendet wird. Minimalistisch, ultramodern und zeitlos.<\/p>\n","protected":false},"excerpt":{"rendered":"<p>Nach der Ausf\u00fchrung ganz in Stahl pr\u00e4sentiert H. Moser &amp; Cie. jetzt eine Streamliner in Rotgold. Der schlanke Look dieser Ode an den Minimalismus bildet die perfekte Erg\u00e4nzung zur Komplexit\u00e4t des Uhrwerks und der gew\u00e4hlten Materialien. In einem spektakul\u00e4ren Spiel der Kontraste destilliert H. Moser &amp; Cie. die Manufaktur die Essenz des Tourbillons heraus \u2013 &hellip; <a href=\"https:\/\/h-moser.com\/de\/produkt\/streamliner-tourbillon-6804-0400\/\">Continued<\/a><\/p>\n","protected":false},"featured_media":52672,"template":"","meta":{"_acf_changed":false,"_seopress_robots_primary_cat":"none","_seopress_titles_title":"","_seopress_titles_desc":"","_seopress_robots_index":""},"product_brand":[],"product_cat":[102,1681],"product_tag":[],"class_list":{"0":"post-52690","1":"product","2":"type-product","3":"status-publish","4":"has-post-thumbnail","6":"product_cat-streamliner-de","7":"product_cat-tourbillon-de-2","9":"first","10":"instock","11":"shipping-taxable","12":"purchasable","13":"product-type-simple"},"acf":[],"_links":{"self":[{"href":"https:\/\/h-moser.com\/de\/wp-json\/wp\/v2\/product\/52690","targetHints":{"allow":["GET"]}}],"collection":[{"href":"https:\/\/h-moser.com\/de\/wp-json\/wp\/v2\/product"}],"about":[{"href":"https:\/\/h-moser.com\/de\/wp-json\/wp\/v2\/types\/product"}],"wp:featuredmedia":[{"embeddable":true,"href":"https:\/\/h-moser.com\/de\/wp-json\/wp\/v2\/media\/52672"}],"wp:attachment":[{"href":"https:\/\/h-moser.com\/de\/wp-json\/wp\/v2\/media?parent=52690"}],"wp:term":[{"taxonomy":"product_brand","embeddable":true,"href":"https:\/\/h-moser.com\/de\/wp-json\/wp\/v2\/product_brand?post=52690"},{"taxonomy":"product_cat","embeddable":true,"href":"https:\/\/h-moser.com\/de\/wp-json\/wp\/v2\/product_cat?post=52690"},{"taxonomy":"product_tag","embeddable":true,"href":"https:\/\/h-moser.com\/de\/wp-json\/wp\/v2\/product_tag?post=52690"}],"curies":[{"name":"wp","href":"https:\/\/api.w.org\/{rel}","templated":true}]}}