{"id":56574,"date":"2022-12-01T08:56:44","date_gmt":"2022-12-01T07:57:20","guid":{"rendered":"https:\/\/h-moser.com\/?post_type=product&#038;p=56574"},"modified":"2024-11-28T08:05:45","modified_gmt":"2024-11-28T07:05:45","slug":"endeavour-centre-seconds-vantablack-1200-1235","status":"publish","type":"product","link":"https:\/\/h-moser.com\/de\/produkt\/endeavour-centre-seconds-vantablack-1200-1235\/","title":{"rendered":"Endeavour Centre Seconds Vantablack\u00ae"},"content":{"rendered":"<p>Die Endeavour Centre Seconds Vantablack\u00ae ist eine eindrucksvoll minimalistische Uhr, die zugleich durch ihre faszinierende Tiefenwirkung besticht. Sie ist mit einer innovativen Beschichtung versehen, die in der Astrophysik verwendet wird und als das schw\u00e4rzeste von Menschenhand gemachte Material gilt. Der Eindruck von Tiefe wird zus\u00e4tzlich durch die Indizes aus Metall verst\u00e4rkt, die an der Unterseite des Zifferblatts appliziert werden. Zudem zeichnet sich die Uhr durch ihre Doppelspirale aus, auf die der violette Sekundenzeiger verweist.<\/p>\n","protected":false},"excerpt":{"rendered":"<p>Die Endeavour Centre Seconds Vantablack\u00ae ist eine eindrucksvoll minimalistische Uhr, die zugleich durch ihre faszinierende Tiefenwirkung besticht. Sie ist mit einer innovativen Beschichtung versehen, die in der Astrophysik verwendet wird und als das schw\u00e4rzeste von Menschenhand gemachte Material gilt. Der Eindruck von Tiefe wird zus\u00e4tzlich durch die Indizes aus Metall verst\u00e4rkt, die an der Unterseite &hellip; <a href=\"https:\/\/h-moser.com\/de\/produkt\/endeavour-centre-seconds-vantablack-1200-1235\/\">Continued<\/a><\/p>\n","protected":false},"featured_media":56552,"template":"","meta":{"_acf_changed":false,"_seopress_robots_primary_cat":"none","_seopress_titles_title":"","_seopress_titles_desc":"","_seopress_robots_index":""},"product_brand":[],"product_cat":[171],"product_tag":[],"class_list":{"0":"post-56574","1":"product","2":"type-product","3":"status-publish","4":"has-post-thumbnail","6":"product_cat-endeavour-de","8":"first","9":"outofstock","10":"shipping-taxable","11":"purchasable","12":"product-type-simple"},"acf":[],"_links":{"self":[{"href":"https:\/\/h-moser.com\/de\/wp-json\/wp\/v2\/product\/56574","targetHints":{"allow":["GET"]}}],"collection":[{"href":"https:\/\/h-moser.com\/de\/wp-json\/wp\/v2\/product"}],"about":[{"href":"https:\/\/h-moser.com\/de\/wp-json\/wp\/v2\/types\/product"}],"wp:featuredmedia":[{"embeddable":true,"href":"https:\/\/h-moser.com\/de\/wp-json\/wp\/v2\/media\/56552"}],"wp:attachment":[{"href":"https:\/\/h-moser.com\/de\/wp-json\/wp\/v2\/media?parent=56574"}],"wp:term":[{"taxonomy":"product_brand","embeddable":true,"href":"https:\/\/h-moser.com\/de\/wp-json\/wp\/v2\/product_brand?post=56574"},{"taxonomy":"product_cat","embeddable":true,"href":"https:\/\/h-moser.com\/de\/wp-json\/wp\/v2\/product_cat?post=56574"},{"taxonomy":"product_tag","embeddable":true,"href":"https:\/\/h-moser.com\/de\/wp-json\/wp\/v2\/product_tag?post=56574"}],"curies":[{"name":"wp","href":"https:\/\/api.w.org\/{rel}","templated":true}]}}