{"id":57614,"date":"2022-12-14T09:49:15","date_gmt":"2022-12-14T08:49:15","guid":{"rendered":"https:\/\/h-moser.com\/product\/endeavour-centre-seconds-genesis-1200-1238\/"},"modified":"2026-04-13T07:51:55","modified_gmt":"2026-04-13T05:51:55","slug":"endeavour-centre-seconds-genesis-1200-1238","status":"publish","type":"product","link":"https:\/\/h-moser.com\/de\/produkt\/endeavour-centre-seconds-genesis-1200-1238\/","title":{"rendered":"Endeavour Centre Seconds Genesis"},"content":{"rendered":"<p>Ein hybrider Zeitmesser, der \u00e4sthetische Codes aus dem Virtuellen ins Konkrete \u00fcbersetzt: Die Krone und die L\u00fcnette, im 3D-Druckverfahren aus Titan gefertigt, pr\u00e4sentieren sich im Pixeldesign und harmonieren perfekt mit dem Geh\u00e4use aus glasperlgestrahltem Stahl. Jede Genesis ist mit einem individuellen QR-Code versehen, der in das Saphirglas eingraviert ist. Dieser Code erm\u00f6glicht es, sich als Besitzer der Uhr zu authentifizieren und \u00fcber eine spezielle Moser-App privilegierten Zugang zum gesamten digitalen und virtuellen \u00d6kosystem zu erhalten. Dazu geh\u00f6rt auch die M\u00f6glichkeit, die n\u00e4chsten beiden St\u00fccke dieses aussergew\u00f6hnlichen Triptychons zu erwerben. <a href=\"https:\/\/h-moser.com\/genesis\/\" data-type=\"URL\" data-id=\"https:\/\/h-moser.com\/genesis\/\"><span style=\"color: #5982c7;\"><strong>Erfahren Sie mehr \u00fcber das \u00d6kosystem<\/strong><\/span>.<\/a><\/p>\n","protected":false},"excerpt":{"rendered":"<p>Ein hybrider Zeitmesser, der \u00e4sthetische Codes aus dem Virtuellen ins Konkrete \u00fcbersetzt: Die Krone und die L\u00fcnette, im 3D-Druckverfahren aus Titan gefertigt, pr\u00e4sentieren sich im Pixeldesign und harmonieren perfekt mit dem Geh\u00e4use aus glasperlgestrahltem Stahl. Jede Genesis ist mit einem individuellen QR-Code versehen, der in das Saphirglas eingraviert ist. Dieser Code erm\u00f6glicht es, sich als &hellip; <a href=\"https:\/\/h-moser.com\/de\/produkt\/endeavour-centre-seconds-genesis-1200-1238\/\">Continued<\/a><\/p>\n","protected":false},"featured_media":57143,"template":"","meta":{"_acf_changed":false,"_seopress_robots_primary_cat":"none","_seopress_titles_title":"","_seopress_titles_desc":"","_seopress_robots_index":""},"product_brand":[],"product_cat":[171],"product_tag":[],"class_list":{"0":"post-57614","1":"product","2":"type-product","3":"status-publish","4":"has-post-thumbnail","6":"product_cat-endeavour-de","8":"first","9":"outofstock","10":"shipping-taxable","11":"purchasable","12":"product-type-simple"},"acf":[],"_links":{"self":[{"href":"https:\/\/h-moser.com\/de\/wp-json\/wp\/v2\/product\/57614","targetHints":{"allow":["GET"]}}],"collection":[{"href":"https:\/\/h-moser.com\/de\/wp-json\/wp\/v2\/product"}],"about":[{"href":"https:\/\/h-moser.com\/de\/wp-json\/wp\/v2\/types\/product"}],"wp:featuredmedia":[{"embeddable":true,"href":"https:\/\/h-moser.com\/de\/wp-json\/wp\/v2\/media\/57143"}],"wp:attachment":[{"href":"https:\/\/h-moser.com\/de\/wp-json\/wp\/v2\/media?parent=57614"}],"wp:term":[{"taxonomy":"product_brand","embeddable":true,"href":"https:\/\/h-moser.com\/de\/wp-json\/wp\/v2\/product_brand?post=57614"},{"taxonomy":"product_cat","embeddable":true,"href":"https:\/\/h-moser.com\/de\/wp-json\/wp\/v2\/product_cat?post=57614"},{"taxonomy":"product_tag","embeddable":true,"href":"https:\/\/h-moser.com\/de\/wp-json\/wp\/v2\/product_tag?post=57614"}],"curies":[{"name":"wp","href":"https:\/\/api.w.org\/{rel}","templated":true}]}}