{"id":61802,"date":"2024-11-20T07:47:02","date_gmt":"2023-02-22T06:48:32","guid":{"rendered":"https:\/\/h-moser.com\/?post_type=product&#038;p=61802"},"modified":"2025-02-05T10:15:13","modified_gmt":"2025-02-05T09:15:13","slug":"endeavour-perpetual-calendar-1800-2000","status":"publish","type":"product","link":"https:\/\/h-moser.com\/de\/produkt\/endeavour-perpetual-calendar-1800-2000\/","title":{"rendered":"Endeavour Perpetual Calendar"},"content":{"rendered":"<p>Ganz in Anthrazit- und Blaut\u00f6nen gehalten, interpretiert diese <span data-teams=\"true\">Endeavour Perpetual Calendar Tantalum Blue Enamel<\/span> die ikonische Komplikation von H. Moser &amp; Cie. in einer aussergew\u00f6hnlich markanten Optik. Tantal, ein stabiles, robustes Metall von einzigartiger Farbe, das ausserordentlich schwer zu bearbeiten und zu polieren ist, vereint sich hier mit der traditionellen Technik des Grand-Feu-Emaillierens. So er\u00f6ffnet sich eine neue Dimension aus leuchtenden Farben und Strukturen, die die intuitivste und am leichtesten ablesbare Ewige-Kalender-Uhr der Welt schm\u00fccken. Um die Pr\u00e4zision weiter zu verbessern, ist das Uhrwerk mit einer Doppelspirale ausgestattet. Diese sorgt f\u00fcr genauere Zeitmessung und verringert die Auswirkungen der Schwerkraft.<\/p>\n","protected":false},"excerpt":{"rendered":"<p>Ganz in Anthrazit- und Blaut\u00f6nen gehalten, interpretiert diese Endeavour Perpetual Calendar Tantalum Blue Enamel die ikonische Komplikation von H. Moser &amp; Cie. in einer aussergew\u00f6hnlich markanten Optik. Tantal, ein stabiles, robustes Metall von einzigartiger Farbe, das ausserordentlich schwer zu bearbeiten und zu polieren ist, vereint sich hier mit der traditionellen Technik des Grand-Feu-Emaillierens. So er\u00f6ffnet &hellip; <a href=\"https:\/\/h-moser.com\/de\/produkt\/endeavour-perpetual-calendar-1800-2000\/\">Continued<\/a><\/p>\n","protected":false},"featured_media":61778,"template":"","meta":{"_acf_changed":false,"_seopress_robots_primary_cat":"none","_seopress_titles_title":"","_seopress_titles_desc":"","_seopress_robots_index":""},"product_brand":[],"product_cat":[171,200],"product_tag":[],"class_list":{"0":"post-61802","1":"product","2":"type-product","3":"status-publish","4":"has-post-thumbnail","6":"product_cat-endeavour-de","7":"product_cat-perpetual-calendar-de-2","9":"first","10":"instock","11":"shipping-taxable","12":"purchasable","13":"product-type-simple"},"acf":[],"_links":{"self":[{"href":"https:\/\/h-moser.com\/de\/wp-json\/wp\/v2\/product\/61802","targetHints":{"allow":["GET"]}}],"collection":[{"href":"https:\/\/h-moser.com\/de\/wp-json\/wp\/v2\/product"}],"about":[{"href":"https:\/\/h-moser.com\/de\/wp-json\/wp\/v2\/types\/product"}],"wp:featuredmedia":[{"embeddable":true,"href":"https:\/\/h-moser.com\/de\/wp-json\/wp\/v2\/media\/61778"}],"wp:attachment":[{"href":"https:\/\/h-moser.com\/de\/wp-json\/wp\/v2\/media?parent=61802"}],"wp:term":[{"taxonomy":"product_brand","embeddable":true,"href":"https:\/\/h-moser.com\/de\/wp-json\/wp\/v2\/product_brand?post=61802"},{"taxonomy":"product_cat","embeddable":true,"href":"https:\/\/h-moser.com\/de\/wp-json\/wp\/v2\/product_cat?post=61802"},{"taxonomy":"product_tag","embeddable":true,"href":"https:\/\/h-moser.com\/de\/wp-json\/wp\/v2\/product_tag?post=61802"}],"curies":[{"name":"wp","href":"https:\/\/api.w.org\/{rel}","templated":true}]}}