{"id":62153,"date":"2023-02-27T17:21:10","date_gmt":"2023-02-27T16:22:48","guid":{"rendered":"https:\/\/h-moser.com\/?post_type=product&#038;p=62153"},"modified":"2023-02-27T17:22:48","modified_gmt":"2023-02-27T16:22:48","slug":"streamliner-tourbillon-6804-1201","status":"publish","type":"product","link":"https:\/\/h-moser.com\/de\/produkt\/streamliner-tourbillon-6804-1201\/","title":{"rendered":"Streamliner Tourbillon"},"content":{"rendered":"<p>Geschm\u00fcckt mit einem faszinierenden Reigen aus Saphiren, vereint die Streamliner Tourbillon Rainbow in Stahl das uhrmacherische K\u00f6nnen von H. Moser &amp; Cie. mit der Kunst des Edelsteinfassens. Jeder der Saphire, die unsichtbar in der L\u00fcnette gefasst sind, hat eine andere Farbe, sodass sich rund um das Zifferblatt ein volles Farbspektrum entfaltet. Das fliegende Tourbillon, das sich \u00fcber dem Fum\u00e9-Zifferblatt mit Sonnenschliff dreht, steigert noch die spektakul\u00e4re Wirkung. Eine faszinierende und ausserordentlich farbenpr\u00e4chtige Interpretation der Streamliner.<\/p>\n","protected":false},"excerpt":{"rendered":"<p>Geschm\u00fcckt mit einem faszinierenden Reigen aus Saphiren, vereint die Streamliner Tourbillon Rainbow in Stahl das uhrmacherische K\u00f6nnen von H. Moser &amp; Cie. mit der Kunst des Edelsteinfassens. Jeder der Saphire, die unsichtbar in der L\u00fcnette gefasst sind, hat eine andere Farbe, sodass sich rund um das Zifferblatt ein volles Farbspektrum entfaltet. Das fliegende Tourbillon, das &hellip; <a href=\"https:\/\/h-moser.com\/de\/produkt\/streamliner-tourbillon-6804-1201\/\">Continued<\/a><\/p>\n","protected":false},"featured_media":62109,"template":"","meta":{"_acf_changed":false,"_seopress_robots_primary_cat":"none","_seopress_titles_title":"","_seopress_titles_desc":"","_seopress_robots_index":""},"product_brand":[],"product_cat":[15],"product_tag":[],"class_list":{"0":"post-62153","1":"product","2":"type-product","3":"status-publish","4":"has-post-thumbnail","6":"product_cat-non-classe","8":"first","9":"instock","10":"shipping-taxable","11":"purchasable","12":"product-type-simple"},"acf":[],"_links":{"self":[{"href":"https:\/\/h-moser.com\/de\/wp-json\/wp\/v2\/product\/62153","targetHints":{"allow":["GET"]}}],"collection":[{"href":"https:\/\/h-moser.com\/de\/wp-json\/wp\/v2\/product"}],"about":[{"href":"https:\/\/h-moser.com\/de\/wp-json\/wp\/v2\/types\/product"}],"wp:featuredmedia":[{"embeddable":true,"href":"https:\/\/h-moser.com\/de\/wp-json\/wp\/v2\/media\/62109"}],"wp:attachment":[{"href":"https:\/\/h-moser.com\/de\/wp-json\/wp\/v2\/media?parent=62153"}],"wp:term":[{"taxonomy":"product_brand","embeddable":true,"href":"https:\/\/h-moser.com\/de\/wp-json\/wp\/v2\/product_brand?post=62153"},{"taxonomy":"product_cat","embeddable":true,"href":"https:\/\/h-moser.com\/de\/wp-json\/wp\/v2\/product_cat?post=62153"},{"taxonomy":"product_tag","embeddable":true,"href":"https:\/\/h-moser.com\/de\/wp-json\/wp\/v2\/product_tag?post=62153"}],"curies":[{"name":"wp","href":"https:\/\/api.w.org\/{rel}","templated":true}]}}