{"id":62778,"date":"2023-03-15T09:18:15","date_gmt":"2023-03-15T08:19:14","guid":{"rendered":"https:\/\/h-moser.com\/?post_type=product&#038;p=62778"},"modified":"2024-03-26T16:44:44","modified_gmt":"2024-03-26T15:44:44","slug":"pioneer-tourbillon-3804-1208","status":"publish","type":"product","link":"https:\/\/h-moser.com\/de\/produkt\/pioneer-tourbillon-3804-1208\/","title":{"rendered":"Pioneer Tourbillon"},"content":{"rendered":"<p>Die sportlich-schicke, f\u00fcr alle Abenteuer ger\u00fcstete Automatikuhr mit Tourbillon von H. Moser &amp; Cie. pr\u00e4sentiert sich jetzt mit einem 40-mm-Geh\u00e4use und einem Fum\u00e9-Zifferblatt in brandneuer Farbe. Die Pioneer Tourbillon Arctic Blue ist mit einem Tourbillonkaliber mit Doppelspirale ausgestattet, das h\u00f6chste Pr\u00e4zision bei allen Aktivit\u00e4ten gew\u00e4hrleistet. Ihr Arctic Blue Fum\u00e9-Zifferblatt erstrahlt in einer neuen Palette azurblauer Farbnuancen, die dieser kompakteren Pioneer einen wahrhaft aussergew\u00f6hnlichen Look verleiht.<\/p>\n","protected":false},"excerpt":{"rendered":"<p>Die sportlich-schicke, f\u00fcr alle Abenteuer ger\u00fcstete Automatikuhr mit Tourbillon von H. Moser &amp; Cie. pr\u00e4sentiert sich jetzt mit einem 40-mm-Geh\u00e4use und einem Fum\u00e9-Zifferblatt in brandneuer Farbe. Die Pioneer Tourbillon Arctic Blue ist mit einem Tourbillonkaliber mit Doppelspirale ausgestattet, das h\u00f6chste Pr\u00e4zision bei allen Aktivit\u00e4ten gew\u00e4hrleistet. Ihr Arctic Blue Fum\u00e9-Zifferblatt erstrahlt in einer neuen Palette azurblauer &hellip; <a href=\"https:\/\/h-moser.com\/de\/produkt\/pioneer-tourbillon-3804-1208\/\">Continued<\/a><\/p>\n","protected":false},"featured_media":62775,"template":"","meta":{"_acf_changed":false,"_seopress_robots_primary_cat":"none","_seopress_titles_title":"H. Moser &amp; Cie. - Pioneer Tourbillon","_seopress_titles_desc":"Die Pioneer Tourbillon Arctic Blue ist mit einem Tourbillonkaliber mit Doppelspirale ausgestattet, das h\u00f6chste Pr\u00e4zision bei allen Aktivit\u00e4ten gew\u00e4hrleistet.","_seopress_robots_index":""},"product_brand":[],"product_cat":[276,288],"product_tag":[],"class_list":{"0":"post-62778","1":"product","2":"type-product","3":"status-publish","4":"has-post-thumbnail","6":"product_cat-pioneer-de","7":"product_cat-tourbillon-2-de","9":"first","10":"instock","11":"shipping-taxable","12":"purchasable","13":"product-type-simple"},"acf":[],"_links":{"self":[{"href":"https:\/\/h-moser.com\/de\/wp-json\/wp\/v2\/product\/62778","targetHints":{"allow":["GET"]}}],"collection":[{"href":"https:\/\/h-moser.com\/de\/wp-json\/wp\/v2\/product"}],"about":[{"href":"https:\/\/h-moser.com\/de\/wp-json\/wp\/v2\/types\/product"}],"wp:featuredmedia":[{"embeddable":true,"href":"https:\/\/h-moser.com\/de\/wp-json\/wp\/v2\/media\/62775"}],"wp:attachment":[{"href":"https:\/\/h-moser.com\/de\/wp-json\/wp\/v2\/media?parent=62778"}],"wp:term":[{"taxonomy":"product_brand","embeddable":true,"href":"https:\/\/h-moser.com\/de\/wp-json\/wp\/v2\/product_brand?post=62778"},{"taxonomy":"product_cat","embeddable":true,"href":"https:\/\/h-moser.com\/de\/wp-json\/wp\/v2\/product_cat?post=62778"},{"taxonomy":"product_tag","embeddable":true,"href":"https:\/\/h-moser.com\/de\/wp-json\/wp\/v2\/product_tag?post=62778"}],"curies":[{"name":"wp","href":"https:\/\/api.w.org\/{rel}","templated":true}]}}