{"id":62834,"date":"2023-03-15T09:25:33","date_gmt":"2023-03-15T08:26:59","guid":{"rendered":"https:\/\/h-moser.com\/?post_type=product&#038;p=62834"},"modified":"2024-03-26T16:28:29","modified_gmt":"2024-03-26T15:28:29","slug":"pioneer-centre-seconds-3200-1217","status":"publish","type":"product","link":"https:\/\/h-moser.com\/de\/produkt\/pioneer-centre-seconds-3200-1217\/","title":{"rendered":"Pioneer Centre Seconds"},"content":{"rendered":"<p>Die sportlich-schicke, f\u00fcr alle Abenteuer ger\u00fcstete Automatikuhr von H. Moser &amp; Cie. pr\u00e4sentiert sich jetzt mit einem 40-mm-Geh\u00e4use und einem Fum\u00e9-Zifferblatt in brandneuer Farbe. Die Pioneer Centre Seconds Arctic Blue ist genauso robust wie ihr gr\u00f6sseres Pendant. Sie ist jedoch kompakter und mit einem faszinierenden azurblauen Arctic Blue Fum\u00e9-Zifferblatt versehen. Im Inneren schl\u00e4gt das Manufakturkaliber mit automatischem Aufzug von H. Moser &amp; Cie.<\/p>\n","protected":false},"excerpt":{"rendered":"<p>Die sportlich-schicke, f\u00fcr alle Abenteuer ger\u00fcstete Automatikuhr von H. Moser &amp; Cie. pr\u00e4sentiert sich jetzt mit einem 40-mm-Geh\u00e4use und einem Fum\u00e9-Zifferblatt in brandneuer Farbe. Die Pioneer Centre Seconds Arctic Blue ist genauso robust wie ihr gr\u00f6sseres Pendant. Sie ist jedoch kompakter und mit einem faszinierenden azurblauen Arctic Blue Fum\u00e9-Zifferblatt versehen. Im Inneren schl\u00e4gt das Manufakturkaliber &hellip; <a href=\"https:\/\/h-moser.com\/de\/produkt\/pioneer-centre-seconds-3200-1217\/\">Continued<\/a><\/p>\n","protected":false},"featured_media":62797,"template":"","meta":{"_acf_changed":false,"_seopress_robots_primary_cat":"none","_seopress_titles_title":"H. Moser &amp; Cie. - Pioneer Centre Seconds","_seopress_titles_desc":"Die sportlich-schicke, f\u00fcr alle Abenteuer ger\u00fcstete Automatikuhr von H. Moser &amp; Cie. pr\u00e4sentiert sich jetzt mit einem 40-mm-Geh\u00e4use und einem Fum\u00e9-Zifferblatt in brandneuer Farbe.","_seopress_robots_index":""},"product_brand":[],"product_cat":[280,276],"product_tag":[],"class_list":{"0":"post-62834","1":"product","2":"type-product","3":"status-publish","4":"has-post-thumbnail","6":"product_cat-centre-seconds-2-de","7":"product_cat-pioneer-de","9":"first","10":"instock","11":"shipping-taxable","12":"purchasable","13":"product-type-simple"},"acf":[],"_links":{"self":[{"href":"https:\/\/h-moser.com\/de\/wp-json\/wp\/v2\/product\/62834","targetHints":{"allow":["GET"]}}],"collection":[{"href":"https:\/\/h-moser.com\/de\/wp-json\/wp\/v2\/product"}],"about":[{"href":"https:\/\/h-moser.com\/de\/wp-json\/wp\/v2\/types\/product"}],"wp:featuredmedia":[{"embeddable":true,"href":"https:\/\/h-moser.com\/de\/wp-json\/wp\/v2\/media\/62797"}],"wp:attachment":[{"href":"https:\/\/h-moser.com\/de\/wp-json\/wp\/v2\/media?parent=62834"}],"wp:term":[{"taxonomy":"product_brand","embeddable":true,"href":"https:\/\/h-moser.com\/de\/wp-json\/wp\/v2\/product_brand?post=62834"},{"taxonomy":"product_cat","embeddable":true,"href":"https:\/\/h-moser.com\/de\/wp-json\/wp\/v2\/product_cat?post=62834"},{"taxonomy":"product_tag","embeddable":true,"href":"https:\/\/h-moser.com\/de\/wp-json\/wp\/v2\/product_tag?post=62834"}],"curies":[{"name":"wp","href":"https:\/\/api.w.org\/{rel}","templated":true}]}}