{"id":65056,"date":"2023-04-19T08:23:58","date_gmt":"2023-04-19T06:28:14","guid":{"rendered":"https:\/\/h-moser.com\/?post_type=product&#038;p=65056"},"modified":"2024-05-15T10:27:21","modified_gmt":"2024-05-15T08:27:21","slug":"streamliner-centre-seconds-6200-1207","status":"publish","type":"product","link":"https:\/\/h-moser.com\/de\/produkt\/streamliner-centre-seconds-6200-1207\/","title":{"rendered":"Streamliner Centre Seconds"},"content":{"rendered":"<p>Das ikonische Modell von H. Moser &amp; Cie. mit seinen einzigartig fliessenden Linien und dem integrierten Stahlarmband kehrt zur\u00fcck \u2013 in seiner bislang k\u00f6stlichsten Form. Die Streamliner Centre Seconds Smoked Salmon besticht durch ein Fum\u00e9-Zifferblatt in einer v\u00f6llig neue Farbe. Die Nuancen reichen von Schwarz \u00fcber Bitterschokolade bis hin zu markantem Gold und ver\u00e4ndern sich im Licht unabl\u00e4ssig. Zudem entspricht die Streamliner Centre Seconds Smoked Salmon ganz unserer Philosophie \u201eVery Rare\u201c: Sie wird nur<strong> ein Jahr lang produziert.<\/strong><\/p>\n","protected":false},"excerpt":{"rendered":"<p>Das ikonische Modell von H. Moser &amp; Cie. mit seinen einzigartig fliessenden Linien und dem integrierten Stahlarmband kehrt zur\u00fcck \u2013 in seiner bislang k\u00f6stlichsten Form. Die Streamliner Centre Seconds Smoked Salmon besticht durch ein Fum\u00e9-Zifferblatt in einer v\u00f6llig neue Farbe. Die Nuancen reichen von Schwarz \u00fcber Bitterschokolade bis hin zu markantem Gold und ver\u00e4ndern sich &hellip; <a href=\"https:\/\/h-moser.com\/de\/produkt\/streamliner-centre-seconds-6200-1207\/\">Continued<\/a><\/p>\n","protected":false},"featured_media":64987,"template":"","meta":{"_acf_changed":false,"_seopress_robots_primary_cat":"none","_seopress_titles_title":"","_seopress_titles_desc":"","_seopress_robots_index":""},"product_brand":[],"product_cat":[67],"product_tag":[],"class_list":{"0":"post-65056","1":"product","2":"type-product","3":"status-publish","4":"has-post-thumbnail","6":"product_cat-non-classe-de-2","8":"first","9":"outofstock","10":"shipping-taxable","11":"purchasable","12":"product-type-simple"},"acf":[],"_links":{"self":[{"href":"https:\/\/h-moser.com\/de\/wp-json\/wp\/v2\/product\/65056","targetHints":{"allow":["GET"]}}],"collection":[{"href":"https:\/\/h-moser.com\/de\/wp-json\/wp\/v2\/product"}],"about":[{"href":"https:\/\/h-moser.com\/de\/wp-json\/wp\/v2\/types\/product"}],"wp:featuredmedia":[{"embeddable":true,"href":"https:\/\/h-moser.com\/de\/wp-json\/wp\/v2\/media\/64987"}],"wp:attachment":[{"href":"https:\/\/h-moser.com\/de\/wp-json\/wp\/v2\/media?parent=65056"}],"wp:term":[{"taxonomy":"product_brand","embeddable":true,"href":"https:\/\/h-moser.com\/de\/wp-json\/wp\/v2\/product_brand?post=65056"},{"taxonomy":"product_cat","embeddable":true,"href":"https:\/\/h-moser.com\/de\/wp-json\/wp\/v2\/product_cat?post=65056"},{"taxonomy":"product_tag","embeddable":true,"href":"https:\/\/h-moser.com\/de\/wp-json\/wp\/v2\/product_tag?post=65056"}],"curies":[{"name":"wp","href":"https:\/\/api.w.org\/{rel}","templated":true}]}}