{"id":70450,"date":"2023-05-31T08:24:57","date_gmt":"2023-05-31T06:30:45","guid":{"rendered":"https:\/\/h-moser.com\/?post_type=product&#038;p=70450"},"modified":"2025-09-08T14:50:24","modified_gmt":"2025-09-08T12:50:24","slug":"streamliner-flyback-chronograph-6907-1200","status":"publish","type":"product","link":"https:\/\/h-moser.com\/de\/produkt\/streamliner-flyback-chronograph-6907-1200\/","title":{"rendered":"Streamliner Flyback Chronograph"},"content":{"rendered":"<p>Die preisgekr\u00f6nte Streamliner Flyback Chronograph Automatic in Stahl mit Funky Blue Fum\u00e9-Zifferblatt ist die moderne Interpretation eines Chronographen durch H. Moser &amp; Cie. Sie ist die perfekte Verk\u00f6rperung des einzigartigen minimalistischen und fliessenden Streamliner-Designs. Bei der \u00fcberarbeiteten Version 2.0 ist das Logo in transparentem Lack ausgef\u00fchrt, und das raffinierte Chronographenwerk wurde mit einer zeitgem\u00e4ssen, anthrazitfarbenen Finissage versehen. Die Flyback-Chronographenfunktion mit ihren koaxialen, in der Zifferblattmitte angebrachten Zeigern erm\u00f6glicht eine intuitive Bedienung und leichtes Ablesen.<\/p>\n","protected":false},"excerpt":{"rendered":"<p>Die preisgekr\u00f6nte Streamliner Flyback Chronograph Automatic in Stahl mit Funky Blue Fum\u00e9-Zifferblatt ist die moderne Interpretation eines Chronographen durch H. Moser &amp; Cie. Sie ist die perfekte Verk\u00f6rperung des einzigartigen minimalistischen und fliessenden Streamliner-Designs. Bei der \u00fcberarbeiteten Version 2.0 ist das Logo in transparentem Lack ausgef\u00fchrt, und das raffinierte Chronographenwerk wurde mit einer zeitgem\u00e4ssen, anthrazitfarbenen &hellip; <a href=\"https:\/\/h-moser.com\/de\/produkt\/streamliner-flyback-chronograph-6907-1200\/\">Continued<\/a><\/p>\n","protected":false},"featured_media":70427,"template":"","meta":{"_acf_changed":false,"_seopress_robots_primary_cat":"none","_seopress_titles_title":"","_seopress_titles_desc":"","_seopress_robots_index":""},"product_brand":[],"product_cat":[67],"product_tag":[],"class_list":{"0":"post-70450","1":"product","2":"type-product","3":"status-publish","4":"has-post-thumbnail","6":"product_cat-non-classe-de-2","8":"first","9":"instock","10":"shipping-taxable","11":"purchasable","12":"product-type-simple"},"acf":[],"_links":{"self":[{"href":"https:\/\/h-moser.com\/de\/wp-json\/wp\/v2\/product\/70450","targetHints":{"allow":["GET"]}}],"collection":[{"href":"https:\/\/h-moser.com\/de\/wp-json\/wp\/v2\/product"}],"about":[{"href":"https:\/\/h-moser.com\/de\/wp-json\/wp\/v2\/types\/product"}],"wp:featuredmedia":[{"embeddable":true,"href":"https:\/\/h-moser.com\/de\/wp-json\/wp\/v2\/media\/70427"}],"wp:attachment":[{"href":"https:\/\/h-moser.com\/de\/wp-json\/wp\/v2\/media?parent=70450"}],"wp:term":[{"taxonomy":"product_brand","embeddable":true,"href":"https:\/\/h-moser.com\/de\/wp-json\/wp\/v2\/product_brand?post=70450"},{"taxonomy":"product_cat","embeddable":true,"href":"https:\/\/h-moser.com\/de\/wp-json\/wp\/v2\/product_cat?post=70450"},{"taxonomy":"product_tag","embeddable":true,"href":"https:\/\/h-moser.com\/de\/wp-json\/wp\/v2\/product_tag?post=70450"}],"curies":[{"name":"wp","href":"https:\/\/api.w.org\/{rel}","templated":true}]}}