{"id":73079,"date":"2023-08-28T09:49:57","date_gmt":"2023-08-28T07:53:47","guid":{"rendered":"https:\/\/h-moser.com\/?post_type=product&#038;p=73079"},"modified":"2024-11-28T08:11:42","modified_gmt":"2024-11-28T07:11:42","slug":"endeavour-centre-seconds-vantablack-1200-0411","status":"publish","type":"product","link":"https:\/\/h-moser.com\/de\/produkt\/endeavour-centre-seconds-vantablack-1200-0411\/","title":{"rendered":"Endeavour Centre Seconds Vantablack\u00ae"},"content":{"rendered":"<p>Auffallend minimalistisch, aber mit unglaublicher visueller Tiefe: Die Endeavour Centre Seconds Vantablack\u00ae wird mithilfe einer innovativen Beschichtung hergestellt, die in der Astrophysik verwendet wird und als das schw\u00e4rzeste k\u00fcnstlich hergestellte Material \u00fcberhaupt gilt. Die schimmernden Stundenindizes, die an der Unterseite des Zifferblatts appliziert werden, verst\u00e4rken den Eindruck von Tiefe noch zus\u00e4tzlich. Das Geh\u00e4use, die Zeiger und Indizes sind aus Rotgold gefertigt, das mit seinem warmen Farbton einen faszinierenden Kontrapunkt setzt.<\/p>\n","protected":false},"excerpt":{"rendered":"<p>Auffallend minimalistisch, aber mit unglaublicher visueller Tiefe: Die Endeavour Centre Seconds Vantablack\u00ae wird mithilfe einer innovativen Beschichtung hergestellt, die in der Astrophysik verwendet wird und als das schw\u00e4rzeste k\u00fcnstlich hergestellte Material \u00fcberhaupt gilt. Die schimmernden Stundenindizes, die an der Unterseite des Zifferblatts appliziert werden, verst\u00e4rken den Eindruck von Tiefe noch zus\u00e4tzlich. Das Geh\u00e4use, die Zeiger &hellip; <a href=\"https:\/\/h-moser.com\/de\/produkt\/endeavour-centre-seconds-vantablack-1200-0411\/\">Continued<\/a><\/p>\n","protected":false},"featured_media":73049,"template":"","meta":{"_acf_changed":false,"_seopress_robots_primary_cat":"none","_seopress_titles_title":"","_seopress_titles_desc":"","_seopress_robots_index":""},"product_brand":[],"product_cat":[171],"product_tag":[],"class_list":{"0":"post-73079","1":"product","2":"type-product","3":"status-publish","4":"has-post-thumbnail","6":"product_cat-endeavour-de","8":"first","9":"outofstock","10":"shipping-taxable","11":"purchasable","12":"product-type-simple"},"acf":[],"_links":{"self":[{"href":"https:\/\/h-moser.com\/de\/wp-json\/wp\/v2\/product\/73079","targetHints":{"allow":["GET"]}}],"collection":[{"href":"https:\/\/h-moser.com\/de\/wp-json\/wp\/v2\/product"}],"about":[{"href":"https:\/\/h-moser.com\/de\/wp-json\/wp\/v2\/types\/product"}],"wp:featuredmedia":[{"embeddable":true,"href":"https:\/\/h-moser.com\/de\/wp-json\/wp\/v2\/media\/73049"}],"wp:attachment":[{"href":"https:\/\/h-moser.com\/de\/wp-json\/wp\/v2\/media?parent=73079"}],"wp:term":[{"taxonomy":"product_brand","embeddable":true,"href":"https:\/\/h-moser.com\/de\/wp-json\/wp\/v2\/product_brand?post=73079"},{"taxonomy":"product_cat","embeddable":true,"href":"https:\/\/h-moser.com\/de\/wp-json\/wp\/v2\/product_cat?post=73079"},{"taxonomy":"product_tag","embeddable":true,"href":"https:\/\/h-moser.com\/de\/wp-json\/wp\/v2\/product_tag?post=73079"}],"curies":[{"name":"wp","href":"https:\/\/api.w.org\/{rel}","templated":true}]}}