{"id":78674,"date":"2023-11-16T15:29:12","date_gmt":"2023-11-16T14:33:41","guid":{"rendered":"https:\/\/h-moser.com\/?post_type=product&#038;p=78674"},"modified":"2024-11-15T15:26:41","modified_gmt":"2024-11-15T14:26:41","slug":"streamliner-small-seconds-6500-1200","status":"publish","type":"product","link":"https:\/\/h-moser.com\/de\/produkt\/streamliner-small-seconds-6500-1200\/","title":{"rendered":"Streamliner Small Seconds Blue Enamel"},"content":{"rendered":"<p>Sportlicher Chic in einer Interpretation, die den Fokus auf Handwerkskunst und neue Proportionen legt. Die Streamliner Small Seconds Blue Enamel von H. Moser &amp; Cie. verf\u00fcgt \u00fcber ein durchscheinendes \u201eGrand Feu\u201c-Emaillezifferblatt mit Aqua Blue Fum\u00e9-Effekt, das in einem schlanken neuen 39-mm-Stahlgeh\u00e4use mit integriertem Armband untergebracht ist. Angetrieben wird sie von dem zeitgem\u00e4ss veredelten Automatik-Manufakturwerk HMC 500 mit Mikrorotor.<\/p>\n","protected":false},"excerpt":{"rendered":"<p>Sportlicher Chic in einer Interpretation, die den Fokus auf Handwerkskunst und neue Proportionen legt. Die Streamliner Small Seconds Blue Enamel von H. Moser &amp; Cie. verf\u00fcgt \u00fcber ein durchscheinendes \u201eGrand Feu\u201c-Emaillezifferblatt mit Aqua Blue Fum\u00e9-Effekt, das in einem schlanken neuen 39-mm-Stahlgeh\u00e4use mit integriertem Armband untergebracht ist. Angetrieben wird sie von dem zeitgem\u00e4ss veredelten Automatik-Manufakturwerk HMC &hellip; <a href=\"https:\/\/h-moser.com\/de\/produkt\/streamliner-small-seconds-6500-1200\/\">Continued<\/a><\/p>\n","protected":false},"featured_media":78635,"template":"","meta":{"_acf_changed":false,"_seopress_robots_primary_cat":"none","_seopress_titles_title":"","_seopress_titles_desc":"","_seopress_robots_index":""},"product_brand":[],"product_cat":[1833,102],"product_tag":[],"class_list":{"0":"post-78674","1":"product","2":"type-product","3":"status-publish","4":"has-post-thumbnail","6":"product_cat-small-seconds-de-2","7":"product_cat-streamliner-de","9":"first","10":"instock","11":"shipping-taxable","12":"purchasable","13":"product-type-simple"},"acf":[],"_links":{"self":[{"href":"https:\/\/h-moser.com\/de\/wp-json\/wp\/v2\/product\/78674","targetHints":{"allow":["GET"]}}],"collection":[{"href":"https:\/\/h-moser.com\/de\/wp-json\/wp\/v2\/product"}],"about":[{"href":"https:\/\/h-moser.com\/de\/wp-json\/wp\/v2\/types\/product"}],"wp:featuredmedia":[{"embeddable":true,"href":"https:\/\/h-moser.com\/de\/wp-json\/wp\/v2\/media\/78635"}],"wp:attachment":[{"href":"https:\/\/h-moser.com\/de\/wp-json\/wp\/v2\/media?parent=78674"}],"wp:term":[{"taxonomy":"product_brand","embeddable":true,"href":"https:\/\/h-moser.com\/de\/wp-json\/wp\/v2\/product_brand?post=78674"},{"taxonomy":"product_cat","embeddable":true,"href":"https:\/\/h-moser.com\/de\/wp-json\/wp\/v2\/product_cat?post=78674"},{"taxonomy":"product_tag","embeddable":true,"href":"https:\/\/h-moser.com\/de\/wp-json\/wp\/v2\/product_tag?post=78674"}],"curies":[{"name":"wp","href":"https:\/\/api.w.org\/{rel}","templated":true}]}}