{"id":8183,"date":"2020-08-10T12:54:34","date_gmt":"2020-08-28T10:36:15","guid":{"rendered":"https:\/\/dev.cosavostra.com\/hmoser\/product\/pioneer-centre-seconds-3\/"},"modified":"2020-09-15T10:01:32","modified_gmt":"2020-09-15T08:01:32","slug":"pioneer-centre-seconds-3","status":"publish","type":"product","link":"https:\/\/h-moser.com\/de\/produkt\/pioneer-centre-seconds-3\/","title":{"rendered":"Pioneer Centre Seconds"},"content":{"rendered":"<p>Die Pioneer Centre Seconds in Rotgold mit Titan DLC und Midnight Blue Fum\u00e9-Zifferblatt ist die perfekte Begleiterin f\u00fcr jedes Abenteuer. Mit ihrem ausserordentlich robusten Geh\u00e4use, das den h\u00f6chsten Gipfeln genauso gewachsen ist wie den Tiefen der Meere, zeigt sie echten Pioniergeist. Kurzum \u2013 eine Uhr, die alles mitmacht.<\/p>\n","protected":false},"excerpt":{"rendered":"<p>Die Pioneer Centre Seconds in Rotgold mit Titan DLC und Midnight Blue Fum\u00e9-Zifferblatt ist die perfekte Begleiterin f\u00fcr jedes Abenteuer. Mit ihrem ausserordentlich robusten Geh\u00e4use, das den h\u00f6chsten Gipfeln genauso gewachsen ist wie den Tiefen der Meere, zeigt sie echten Pioniergeist. Kurzum \u2013 eine Uhr, die alles mitmacht.<\/p>\n","protected":false},"featured_media":8428,"template":"","meta":{"_acf_changed":false,"_seopress_robots_primary_cat":"none","_seopress_titles_title":"","_seopress_titles_desc":"","_seopress_robots_index":""},"product_brand":[],"product_cat":[276,1890],"product_tag":[],"class_list":{"0":"post-8183","1":"product","2":"type-product","3":"status-publish","4":"has-post-thumbnail","6":"product_cat-pioneer-de","7":"product_cat-pioneer-models-de","9":"first","10":"unavailable","11":"shipping-taxable","12":"purchasable","13":"product-type-simple"},"acf":[],"_links":{"self":[{"href":"https:\/\/h-moser.com\/de\/wp-json\/wp\/v2\/product\/8183","targetHints":{"allow":["GET"]}}],"collection":[{"href":"https:\/\/h-moser.com\/de\/wp-json\/wp\/v2\/product"}],"about":[{"href":"https:\/\/h-moser.com\/de\/wp-json\/wp\/v2\/types\/product"}],"wp:featuredmedia":[{"embeddable":true,"href":"https:\/\/h-moser.com\/de\/wp-json\/wp\/v2\/media\/8428"}],"wp:attachment":[{"href":"https:\/\/h-moser.com\/de\/wp-json\/wp\/v2\/media?parent=8183"}],"wp:term":[{"taxonomy":"product_brand","embeddable":true,"href":"https:\/\/h-moser.com\/de\/wp-json\/wp\/v2\/product_brand?post=8183"},{"taxonomy":"product_cat","embeddable":true,"href":"https:\/\/h-moser.com\/de\/wp-json\/wp\/v2\/product_cat?post=8183"},{"taxonomy":"product_tag","embeddable":true,"href":"https:\/\/h-moser.com\/de\/wp-json\/wp\/v2\/product_tag?post=8183"}],"curies":[{"name":"wp","href":"https:\/\/api.w.org\/{rel}","templated":true}]}}