{"id":8191,"date":"2020-08-10T13:52:32","date_gmt":"2020-08-28T11:07:02","guid":{"rendered":"https:\/\/dev.cosavostra.com\/hmoser\/product\/pioneer-centre-seconds-3\/"},"modified":"2020-09-15T16:45:29","modified_gmt":"2020-09-15T14:45:29","slug":"pioneer-centre-seconds-5","status":"publish","type":"product","link":"https:\/\/h-moser.com\/de\/produkt\/pioneer-centre-seconds-5\/","title":{"rendered":"Pioneer Centre Seconds"},"content":{"rendered":"<p>Die Pioneer Centre Seconds in Stahl DLC mit Funky Blue Fum\u00e9-Zifferblatt ist die ideale Begleiterin f\u00fcr jedes Abenteuer. Mit ihrem ausserordentlich robusten Geh\u00e4use, das den h\u00f6chsten Gipfeln genauso gewachsen ist wie den Tiefen der Meere, zeigt sie echten Pioniergeist. Kurzum \u2013 eine Uhr, die alles mitmacht.<\/p>\n","protected":false},"excerpt":{"rendered":"<p>Die Pioneer Centre Seconds in Stahl DLC mit Funky Blue Fum\u00e9-Zifferblatt ist die ideale Begleiterin f\u00fcr jedes Abenteuer. Mit ihrem ausserordentlich robusten Geh\u00e4use, das den h\u00f6chsten Gipfeln genauso gewachsen ist wie den Tiefen der Meere, zeigt sie echten Pioniergeist. Kurzum \u2013 eine Uhr, die alles mitmacht.<\/p>\n","protected":false},"featured_media":8498,"template":"","meta":{"_acf_changed":false,"_seopress_robots_primary_cat":"none","_seopress_titles_title":"","_seopress_titles_desc":"","_seopress_robots_index":""},"product_brand":[],"product_cat":[276],"product_tag":[],"class_list":{"0":"post-8191","1":"product","2":"type-product","3":"status-publish","4":"has-post-thumbnail","6":"product_cat-pioneer-de","8":"first","9":"instock","10":"shipping-taxable","11":"purchasable","12":"product-type-simple"},"acf":[],"_links":{"self":[{"href":"https:\/\/h-moser.com\/de\/wp-json\/wp\/v2\/product\/8191","targetHints":{"allow":["GET"]}}],"collection":[{"href":"https:\/\/h-moser.com\/de\/wp-json\/wp\/v2\/product"}],"about":[{"href":"https:\/\/h-moser.com\/de\/wp-json\/wp\/v2\/types\/product"}],"wp:featuredmedia":[{"embeddable":true,"href":"https:\/\/h-moser.com\/de\/wp-json\/wp\/v2\/media\/8498"}],"wp:attachment":[{"href":"https:\/\/h-moser.com\/de\/wp-json\/wp\/v2\/media?parent=8191"}],"wp:term":[{"taxonomy":"product_brand","embeddable":true,"href":"https:\/\/h-moser.com\/de\/wp-json\/wp\/v2\/product_brand?post=8191"},{"taxonomy":"product_cat","embeddable":true,"href":"https:\/\/h-moser.com\/de\/wp-json\/wp\/v2\/product_cat?post=8191"},{"taxonomy":"product_tag","embeddable":true,"href":"https:\/\/h-moser.com\/de\/wp-json\/wp\/v2\/product_tag?post=8191"}],"curies":[{"name":"wp","href":"https:\/\/api.w.org\/{rel}","templated":true}]}}