{"id":8199,"date":"2020-08-10T14:09:10","date_gmt":"2020-08-28T11:27:48","guid":{"rendered":"https:\/\/dev.cosavostra.com\/hmoser\/product\/pioneer-perpetual-calendar-2\/"},"modified":"2024-03-06T15:15:49","modified_gmt":"2024-03-06T14:15:49","slug":"pioneer-perpetual-calendar-2","status":"publish","type":"product","link":"https:\/\/h-moser.com\/de\/produkt\/pioneer-perpetual-calendar-2\/","title":{"rendered":"Pioneer Perpetual Calendar"},"content":{"rendered":"<p>Die Pioneer Perpetual Calendar in Rotgold mit Titan DLC und Ardoise Fum\u00e9-Zifferblatt kombiniert das preisgekr\u00f6nte, raffinierte und intuitive Perpetual Calendar-Werk mit einem ausserordentlich vielseitigen Geh\u00e4use. Raffinierte Besonderheit: Der Tr\u00e4ger kann das Datum zu jedem beliebigen Zeitpunkt einstellen, ohne Sorge haben zu m\u00fcssen, dass das Uhrwerk besch\u00e4digt wird.<\/p>\n","protected":false},"excerpt":{"rendered":"<p>Die Pioneer Perpetual Calendar in Rotgold mit Titan DLC und Ardoise Fum\u00e9-Zifferblatt kombiniert das preisgekr\u00f6nte, raffinierte und intuitive Perpetual Calendar-Werk mit einem ausserordentlich vielseitigen Geh\u00e4use. Raffinierte Besonderheit: Der Tr\u00e4ger kann das Datum zu jedem beliebigen Zeitpunkt einstellen, ohne Sorge haben zu m\u00fcssen, dass das Uhrwerk besch\u00e4digt wird.<\/p>\n","protected":false},"featured_media":8561,"template":"","meta":{"_acf_changed":false,"_seopress_robots_primary_cat":"none","_seopress_titles_title":"","_seopress_titles_desc":"","_seopress_robots_index":""},"product_brand":[],"product_cat":[276,1890],"product_tag":[],"class_list":{"0":"post-8199","1":"product","2":"type-product","3":"status-publish","4":"has-post-thumbnail","6":"product_cat-pioneer-de","7":"product_cat-pioneer-models-de","9":"first","10":"unavailable","11":"shipping-taxable","12":"purchasable","13":"product-type-simple"},"acf":[],"_links":{"self":[{"href":"https:\/\/h-moser.com\/de\/wp-json\/wp\/v2\/product\/8199","targetHints":{"allow":["GET"]}}],"collection":[{"href":"https:\/\/h-moser.com\/de\/wp-json\/wp\/v2\/product"}],"about":[{"href":"https:\/\/h-moser.com\/de\/wp-json\/wp\/v2\/types\/product"}],"wp:featuredmedia":[{"embeddable":true,"href":"https:\/\/h-moser.com\/de\/wp-json\/wp\/v2\/media\/8561"}],"wp:attachment":[{"href":"https:\/\/h-moser.com\/de\/wp-json\/wp\/v2\/media?parent=8199"}],"wp:term":[{"taxonomy":"product_brand","embeddable":true,"href":"https:\/\/h-moser.com\/de\/wp-json\/wp\/v2\/product_brand?post=8199"},{"taxonomy":"product_cat","embeddable":true,"href":"https:\/\/h-moser.com\/de\/wp-json\/wp\/v2\/product_cat?post=8199"},{"taxonomy":"product_tag","embeddable":true,"href":"https:\/\/h-moser.com\/de\/wp-json\/wp\/v2\/product_tag?post=8199"}],"curies":[{"name":"wp","href":"https:\/\/api.w.org\/{rel}","templated":true}]}}