{"id":8229,"date":"2020-08-13T10:10:37","date_gmt":"2020-08-28T13:04:52","guid":{"rendered":"https:\/\/dev.cosavostra.com\/hmoser\/product\/pioneer-tourbillon-2\/"},"modified":"2023-12-22T13:31:37","modified_gmt":"2023-12-22T12:31:37","slug":"pioneer-tourbillon-3","status":"publish","type":"product","link":"https:\/\/h-moser.com\/de\/produkt\/pioneer-tourbillon-3\/","title":{"rendered":"Pioneer Tourbillon"},"content":{"rendered":"<p><span style=\"font-weight: 400;\">Ausgestattet mit einer Doppelspirale, gew\u00e4hrleistet die Pioneer Tourbillon in <\/span><span style=\"font-weight: 400;\">Rotgold mit Titan DLC und Midnight Blue Fum\u00e9<\/span><span style=\"font-weight: 400;\">-Zifferblatt h\u00f6chste Pr\u00e4zision \u2013 und vollf\u00fchrt bei 6 Uhr wahre Balanceakte. Durch ein Fenster auf dem Zifferblatt kann der Tr\u00e4ger das schlagende Herz bewundern, das alle 60 Sekunden eine komplette Drehung vollf\u00fchrt. Dazu das robuste Pioneer-Geh\u00e4use \u2013 so entsteht ein Zeitmesser, der sich mit Worten kaum beschreiben l\u00e4sst.<\/span><\/p>\n","protected":false},"excerpt":{"rendered":"<p>Ausgestattet mit einer Doppelspirale, gew\u00e4hrleistet die Pioneer Tourbillon in Rotgold mit Titan DLC und Midnight Blue Fum\u00e9-Zifferblatt h\u00f6chste Pr\u00e4zision \u2013 und vollf\u00fchrt bei 6 Uhr wahre Balanceakte. Durch ein Fenster auf dem Zifferblatt kann der Tr\u00e4ger das schlagende Herz bewundern, das alle 60 Sekunden eine komplette Drehung vollf\u00fchrt. Dazu das robuste Pioneer-Geh\u00e4use \u2013 so entsteht &hellip; <a href=\"https:\/\/h-moser.com\/de\/produkt\/pioneer-tourbillon-3\/\">Continued<\/a><\/p>\n","protected":false},"featured_media":8820,"template":"","meta":{"_acf_changed":false,"_seopress_robots_primary_cat":"none","_seopress_titles_title":"","_seopress_titles_desc":"","_seopress_robots_index":""},"product_brand":[],"product_cat":[1890],"product_tag":[],"class_list":{"0":"post-8229","1":"product","2":"type-product","3":"status-publish","4":"has-post-thumbnail","6":"product_cat-pioneer-models-de","8":"first","9":"unavailable","10":"shipping-taxable","11":"purchasable","12":"product-type-simple"},"acf":[],"_links":{"self":[{"href":"https:\/\/h-moser.com\/de\/wp-json\/wp\/v2\/product\/8229","targetHints":{"allow":["GET"]}}],"collection":[{"href":"https:\/\/h-moser.com\/de\/wp-json\/wp\/v2\/product"}],"about":[{"href":"https:\/\/h-moser.com\/de\/wp-json\/wp\/v2\/types\/product"}],"wp:featuredmedia":[{"embeddable":true,"href":"https:\/\/h-moser.com\/de\/wp-json\/wp\/v2\/media\/8820"}],"wp:attachment":[{"href":"https:\/\/h-moser.com\/de\/wp-json\/wp\/v2\/media?parent=8229"}],"wp:term":[{"taxonomy":"product_brand","embeddable":true,"href":"https:\/\/h-moser.com\/de\/wp-json\/wp\/v2\/product_brand?post=8229"},{"taxonomy":"product_cat","embeddable":true,"href":"https:\/\/h-moser.com\/de\/wp-json\/wp\/v2\/product_cat?post=8229"},{"taxonomy":"product_tag","embeddable":true,"href":"https:\/\/h-moser.com\/de\/wp-json\/wp\/v2\/product_tag?post=8229"}],"curies":[{"name":"wp","href":"https:\/\/api.w.org\/{rel}","templated":true}]}}