{"id":83304,"date":"2024-02-05T14:30:14","date_gmt":"2024-02-05T13:30:14","guid":{"rendered":"https:\/\/h-moser.com\/product\/streamlinier-tourbillon-6804-0406\/"},"modified":"2024-07-02T16:43:39","modified_gmt":"2024-07-02T14:43:39","slug":"streamliner-tourbillon-6804-0406","status":"publish","type":"product","link":"https:\/\/h-moser.com\/de\/produkt\/streamliner-tourbillon-6804-0406\/","title":{"rendered":"Streamliner Tourbillon"},"content":{"rendered":"<p>Die Streamliner Tourbillon in Rotgold erh\u00e4lt ein \u201eMineral-Makeover\u201c: Ihr Zifferblatt ist aus einem sehr seltenen gr\u00fcnen Jadestein gefertigt, der sogenannten Wyoming-Jade. Die unbehandelte Wyoming-Jade zeichnet sich durch ihre optische Reinheit und ihr sattes Olivgr\u00fcn aus. Beim Bearbeiten der Jade, die feine, nat\u00fcrliche Muster und einzigartige Farbnuancen aufweist, wird besonders auf ihre urspr\u00fcngliche Struktur geachtet. Die gleichm\u00e4\u00dfige und nahezu makellose Reinheit zeugen von au\u00dfergew\u00f6hnlicher Qualit\u00e4t. Das fliegende Tourbillon mit Doppelspirale hebt sich majest\u00e4tisch vom Zifferblatt ab, das ganz ohne Logo auskommt.<\/p>\n","protected":false},"excerpt":{"rendered":"<p>Die Streamliner Tourbillon in Rotgold erh\u00e4lt ein \u201eMineral-Makeover\u201c: Ihr Zifferblatt ist aus einem sehr seltenen gr\u00fcnen Jadestein gefertigt, der sogenannten Wyoming-Jade. Die unbehandelte Wyoming-Jade zeichnet sich durch ihre optische Reinheit und ihr sattes Olivgr\u00fcn aus. Beim Bearbeiten der Jade, die feine, nat\u00fcrliche Muster und einzigartige Farbnuancen aufweist, wird besonders auf ihre urspr\u00fcngliche Struktur geachtet. Die &hellip; <a href=\"https:\/\/h-moser.com\/de\/produkt\/streamliner-tourbillon-6804-0406\/\">Continued<\/a><\/p>\n","protected":false},"featured_media":82196,"template":"","meta":{"_acf_changed":false,"_seopress_robots_primary_cat":"none","_seopress_titles_title":"","_seopress_titles_desc":"","_seopress_robots_index":""},"product_brand":[],"product_cat":[102,1681],"product_tag":[],"class_list":{"0":"post-83304","1":"product","2":"type-product","3":"status-publish","4":"has-post-thumbnail","6":"product_cat-streamliner-de","7":"product_cat-tourbillon-de-2","9":"first","10":"instock","11":"shipping-taxable","12":"purchasable","13":"product-type-simple"},"acf":[],"_links":{"self":[{"href":"https:\/\/h-moser.com\/de\/wp-json\/wp\/v2\/product\/83304","targetHints":{"allow":["GET"]}}],"collection":[{"href":"https:\/\/h-moser.com\/de\/wp-json\/wp\/v2\/product"}],"about":[{"href":"https:\/\/h-moser.com\/de\/wp-json\/wp\/v2\/types\/product"}],"wp:featuredmedia":[{"embeddable":true,"href":"https:\/\/h-moser.com\/de\/wp-json\/wp\/v2\/media\/82196"}],"wp:attachment":[{"href":"https:\/\/h-moser.com\/de\/wp-json\/wp\/v2\/media?parent=83304"}],"wp:term":[{"taxonomy":"product_brand","embeddable":true,"href":"https:\/\/h-moser.com\/de\/wp-json\/wp\/v2\/product_brand?post=83304"},{"taxonomy":"product_cat","embeddable":true,"href":"https:\/\/h-moser.com\/de\/wp-json\/wp\/v2\/product_cat?post=83304"},{"taxonomy":"product_tag","embeddable":true,"href":"https:\/\/h-moser.com\/de\/wp-json\/wp\/v2\/product_tag?post=83304"}],"curies":[{"name":"wp","href":"https:\/\/api.w.org\/{rel}","templated":true}]}}