{"id":84018,"date":"2024-04-04T08:39:55","date_gmt":"2024-04-04T08:24:02","guid":{"rendered":"https:\/\/h-moser.com\/?post_type=product&#038;p=84018"},"modified":"2025-03-07T11:20:03","modified_gmt":"2025-03-07T10:20:03","slug":"pioneer-centre-seconds-3201-1204","status":"publish","type":"product","link":"https:\/\/h-moser.com\/de\/produkt\/pioneer-centre-seconds-3201-1204\/","title":{"rendered":"Pioneer Centre Seconds Concept Citrus Green"},"content":{"rendered":"<p>Die sportlich-schicke All-Terrain-Automatikuhr von H. Moser &amp; Cie. erh\u00e4lt ein Makeover, das es in sich hat! Die Pioneer Centre Seconds Concept Citrus Green ist die erste Pioneer mit einem Concept-Zifferblatt, ohne Indizes und Logo. Die v\u00f6llig neue Fum\u00e9-Farbe Citrus Green mit ihren warmen Limettent\u00f6nen verleiht der robusten Automatikuhr eine k\u00fchne Note und macht sie zum unwiderstehlichen Hingucker.<\/p>\n","protected":false},"excerpt":{"rendered":"<p>Die sportlich-schicke All-Terrain-Automatikuhr von H. Moser &amp; Cie. erh\u00e4lt ein Makeover, das es in sich hat! Die Pioneer Centre Seconds Concept Citrus Green ist die erste Pioneer mit einem Concept-Zifferblatt, ohne Indizes und Logo. Die v\u00f6llig neue Fum\u00e9-Farbe Citrus Green mit ihren warmen Limettent\u00f6nen verleiht der robusten Automatikuhr eine k\u00fchne Note und macht sie zum &hellip; <a href=\"https:\/\/h-moser.com\/de\/produkt\/pioneer-centre-seconds-3201-1204\/\">Continued<\/a><\/p>\n","protected":false},"featured_media":102611,"template":"","meta":{"_acf_changed":false,"_seopress_robots_primary_cat":"none","_seopress_titles_title":"","_seopress_titles_desc":"","_seopress_robots_index":""},"product_brand":[],"product_cat":[280,276],"product_tag":[],"class_list":{"0":"post-84018","1":"product","2":"type-product","3":"status-publish","4":"has-post-thumbnail","6":"product_cat-centre-seconds-2-de","7":"product_cat-pioneer-de","9":"first","10":"instock","11":"shipping-taxable","12":"purchasable","13":"product-type-simple"},"acf":[],"_links":{"self":[{"href":"https:\/\/h-moser.com\/de\/wp-json\/wp\/v2\/product\/84018","targetHints":{"allow":["GET"]}}],"collection":[{"href":"https:\/\/h-moser.com\/de\/wp-json\/wp\/v2\/product"}],"about":[{"href":"https:\/\/h-moser.com\/de\/wp-json\/wp\/v2\/types\/product"}],"wp:featuredmedia":[{"embeddable":true,"href":"https:\/\/h-moser.com\/de\/wp-json\/wp\/v2\/media\/102611"}],"wp:attachment":[{"href":"https:\/\/h-moser.com\/de\/wp-json\/wp\/v2\/media?parent=84018"}],"wp:term":[{"taxonomy":"product_brand","embeddable":true,"href":"https:\/\/h-moser.com\/de\/wp-json\/wp\/v2\/product_brand?post=84018"},{"taxonomy":"product_cat","embeddable":true,"href":"https:\/\/h-moser.com\/de\/wp-json\/wp\/v2\/product_cat?post=84018"},{"taxonomy":"product_tag","embeddable":true,"href":"https:\/\/h-moser.com\/de\/wp-json\/wp\/v2\/product_tag?post=84018"}],"curies":[{"name":"wp","href":"https:\/\/api.w.org\/{rel}","templated":true}]}}