{"id":84026,"date":"2024-04-04T08:24:06","date_gmt":"2024-04-04T08:37:06","guid":{"rendered":"https:\/\/h-moser.com\/?post_type=product&#038;p=84026"},"modified":"2024-05-06T11:40:16","modified_gmt":"2024-05-06T09:40:16","slug":"pioneer-centre-seconds-3201-1201","status":"publish","type":"product","link":"https:\/\/h-moser.com\/de\/produkt\/pioneer-centre-seconds-3201-1201\/","title":{"rendered":"Pioneer Centre Seconds Cosmic Green"},"content":{"rendered":"<p>Die sportlich-schicke All-Terrain-Automatikuhr von H. Moser &amp; Cie. kommt jetzt in einem 40-mm-Geh\u00e4use und bringt dabei das beliebte Cosmic Green Fum\u00e9-Zifferblatt zur\u00fcck. Die Pioneer Centre Seconds Cosmic Green ist genauso robust wie ihr gr\u00f6sseres Pendant, jedoch kompakter, und das Automatik-Manufakturwerk von H. Moser &amp; Cie. ist mit Finissierungen in modernen, dunkleren Farbt\u00f6nen versehen.<\/p>\n","protected":false},"excerpt":{"rendered":"<p>Die sportlich-schicke All-Terrain-Automatikuhr von H. Moser &amp; Cie. kommt jetzt in einem 40-mm-Geh\u00e4use und bringt dabei das beliebte Cosmic Green Fum\u00e9-Zifferblatt zur\u00fcck. Die Pioneer Centre Seconds Cosmic Green ist genauso robust wie ihr gr\u00f6sseres Pendant, jedoch kompakter, und das Automatik-Manufakturwerk von H. Moser &amp; Cie. ist mit Finissierungen in modernen, dunkleren Farbt\u00f6nen versehen.<\/p>\n","protected":false},"featured_media":84811,"template":"","meta":{"_acf_changed":false,"_seopress_robots_primary_cat":"none","_seopress_titles_title":"","_seopress_titles_desc":"","_seopress_robots_index":""},"product_brand":[],"product_cat":[280,276],"product_tag":[],"class_list":{"0":"post-84026","1":"product","2":"type-product","3":"status-publish","4":"has-post-thumbnail","6":"product_cat-centre-seconds-2-de","7":"product_cat-pioneer-de","9":"first","10":"instock","11":"shipping-taxable","12":"purchasable","13":"product-type-simple"},"acf":[],"_links":{"self":[{"href":"https:\/\/h-moser.com\/de\/wp-json\/wp\/v2\/product\/84026","targetHints":{"allow":["GET"]}}],"collection":[{"href":"https:\/\/h-moser.com\/de\/wp-json\/wp\/v2\/product"}],"about":[{"href":"https:\/\/h-moser.com\/de\/wp-json\/wp\/v2\/types\/product"}],"wp:featuredmedia":[{"embeddable":true,"href":"https:\/\/h-moser.com\/de\/wp-json\/wp\/v2\/media\/84811"}],"wp:attachment":[{"href":"https:\/\/h-moser.com\/de\/wp-json\/wp\/v2\/media?parent=84026"}],"wp:term":[{"taxonomy":"product_brand","embeddable":true,"href":"https:\/\/h-moser.com\/de\/wp-json\/wp\/v2\/product_brand?post=84026"},{"taxonomy":"product_cat","embeddable":true,"href":"https:\/\/h-moser.com\/de\/wp-json\/wp\/v2\/product_cat?post=84026"},{"taxonomy":"product_tag","embeddable":true,"href":"https:\/\/h-moser.com\/de\/wp-json\/wp\/v2\/product_tag?post=84026"}],"curies":[{"name":"wp","href":"https:\/\/api.w.org\/{rel}","templated":true}]}}