{"id":88249,"date":"2024-05-03T15:10:17","date_gmt":"2024-05-03T13:14:40","guid":{"rendered":"https:\/\/h-moser.com\/?post_type=product&#038;p=88249"},"modified":"2025-09-08T14:47:10","modified_gmt":"2025-09-08T12:47:10","slug":"streamliner-cylindrical-tourbillon-skeleton-6811-1202","status":"publish","type":"product","link":"https:\/\/h-moser.com\/de\/produkt\/streamliner-cylindrical-tourbillon-skeleton-6811-1202\/","title":{"rendered":"Streamliner Alpine Limited Edition Pink Livery"},"content":{"rendered":"<p>Die zweite Auflage der <a href=\"https:\/\/h-moser.com\/alpine-motorsports-h-moser\/\">H. Moser &amp; Cie. X Alpine Motorsports<\/a> Streamliner Cylindrical Tourbillon Skeleton Alpine Limited Edition ist erneut auf die \u00e4sthetischen Vorlieben der F1-Piloten und des Langstrecken-Teams des Rennstalls zugeschnitten und pr\u00e4sentiert sich im markanten Pink des Alpine Rennwagen-Designs. Das kleine, gew\u00f6lbte Zifferblatt \u00fcber dem skelettierten Tourbillon-Automatikwerk mit zylindrischer Spiralfeder ist aus synthetischem, pinken Korund gefertigt. Ein farblich abgestimmtes pinkes Kautschukarmband rundet das Erscheinungsbild ab. Limitiert auf nur 20 Exemplare.<\/p>\n","protected":false},"excerpt":{"rendered":"<p>Die zweite Auflage der H. Moser &amp; Cie. X Alpine Motorsports Streamliner Cylindrical Tourbillon Skeleton Alpine Limited Edition ist erneut auf die \u00e4sthetischen Vorlieben der F1-Piloten und des Langstrecken-Teams des Rennstalls zugeschnitten und pr\u00e4sentiert sich im markanten Pink des Alpine Rennwagen-Designs. Das kleine, gew\u00f6lbte Zifferblatt \u00fcber dem skelettierten Tourbillon-Automatikwerk mit zylindrischer Spiralfeder ist aus synthetischem, &hellip; <a href=\"https:\/\/h-moser.com\/de\/produkt\/streamliner-cylindrical-tourbillon-skeleton-6811-1202\/\">Continued<\/a><\/p>\n","protected":false},"featured_media":88191,"template":"","meta":{"_acf_changed":false,"_seopress_robots_primary_cat":"none","_seopress_titles_title":"","_seopress_titles_desc":"","_seopress_robots_index":""},"product_brand":[],"product_cat":[67],"product_tag":[],"class_list":{"0":"post-88249","1":"product","2":"type-product","3":"status-publish","4":"has-post-thumbnail","6":"product_cat-non-classe-de-2","8":"first","9":"instock","10":"shipping-taxable","11":"purchasable","12":"product-type-simple"},"acf":[],"_links":{"self":[{"href":"https:\/\/h-moser.com\/de\/wp-json\/wp\/v2\/product\/88249","targetHints":{"allow":["GET"]}}],"collection":[{"href":"https:\/\/h-moser.com\/de\/wp-json\/wp\/v2\/product"}],"about":[{"href":"https:\/\/h-moser.com\/de\/wp-json\/wp\/v2\/types\/product"}],"wp:featuredmedia":[{"embeddable":true,"href":"https:\/\/h-moser.com\/de\/wp-json\/wp\/v2\/media\/88191"}],"wp:attachment":[{"href":"https:\/\/h-moser.com\/de\/wp-json\/wp\/v2\/media?parent=88249"}],"wp:term":[{"taxonomy":"product_brand","embeddable":true,"href":"https:\/\/h-moser.com\/de\/wp-json\/wp\/v2\/product_brand?post=88249"},{"taxonomy":"product_cat","embeddable":true,"href":"https:\/\/h-moser.com\/de\/wp-json\/wp\/v2\/product_cat?post=88249"},{"taxonomy":"product_tag","embeddable":true,"href":"https:\/\/h-moser.com\/de\/wp-json\/wp\/v2\/product_tag?post=88249"}],"curies":[{"name":"wp","href":"https:\/\/api.w.org\/{rel}","templated":true}]}}