{"id":89415,"date":"2024-05-17T14:39:46","date_gmt":"2024-05-17T12:39:46","guid":{"rendered":"https:\/\/h-moser.com\/product\/pioneer-tourbillon-2\/"},"modified":"2024-05-17T15:04:52","modified_gmt":"2024-05-17T13:04:52","slug":"pioneer-tourbillon-3804-0901","status":"publish","type":"product","link":"https:\/\/h-moser.com\/de\/produkt\/pioneer-tourbillon-3804-0901\/","title":{"rendered":"Pioneer Tourbillon"},"content":{"rendered":"<p>Ein wahrer Balanceakt auf 6 Uhr: Die Pioneer Tourbillon Mega Cool in Rotgold mit Blue Lagoon fum\u00e9 Zifferblatt verf\u00fcgt \u00fcber eine Doppelspirale im Tourbillon, die h\u00f6chste Pr\u00e4zision garantiert. Die \u00d6ffnung im Zifferblatt bietet einen direkten Blick auf dieses schlagende Herz, das alle 60 Sekunden eine volle Umdrehung vollzieht. Kombiniert mit dem robusten Pioneer-Geh\u00e4use f\u00fcr den t\u00e4glichen Gebrauch und den gl\u00e4nzenden goldenen Indizes f\u00fcr Candle-Light-Dinners ist dieses Modell niemals fehl am Platz.<\/p>\n","protected":false},"excerpt":{"rendered":"<p>Ein wahrer Balanceakt auf 6 Uhr: Die Pioneer Tourbillon Mega Cool in Rotgold mit Blue Lagoon fum\u00e9 Zifferblatt verf\u00fcgt \u00fcber eine Doppelspirale im Tourbillon, die h\u00f6chste Pr\u00e4zision garantiert. Die \u00d6ffnung im Zifferblatt bietet einen direkten Blick auf dieses schlagende Herz, das alle 60 Sekunden eine volle Umdrehung vollzieht. Kombiniert mit dem robusten Pioneer-Geh\u00e4use f\u00fcr den &hellip; <a href=\"https:\/\/h-moser.com\/de\/produkt\/pioneer-tourbillon-3804-0901\/\">Continued<\/a><\/p>\n","protected":false},"featured_media":89406,"template":"","meta":{"_acf_changed":false,"_seopress_robots_primary_cat":"none","_seopress_titles_title":"","_seopress_titles_desc":"","_seopress_robots_index":""},"product_brand":[],"product_cat":[276,288],"product_tag":[],"class_list":{"0":"post-89415","1":"product","2":"type-product","3":"status-publish","4":"has-post-thumbnail","6":"product_cat-pioneer-de","7":"product_cat-tourbillon-2-de","9":"first","10":"instock","11":"shipping-taxable","12":"purchasable","13":"product-type-simple"},"acf":[],"_links":{"self":[{"href":"https:\/\/h-moser.com\/de\/wp-json\/wp\/v2\/product\/89415","targetHints":{"allow":["GET"]}}],"collection":[{"href":"https:\/\/h-moser.com\/de\/wp-json\/wp\/v2\/product"}],"about":[{"href":"https:\/\/h-moser.com\/de\/wp-json\/wp\/v2\/types\/product"}],"wp:featuredmedia":[{"embeddable":true,"href":"https:\/\/h-moser.com\/de\/wp-json\/wp\/v2\/media\/89406"}],"wp:attachment":[{"href":"https:\/\/h-moser.com\/de\/wp-json\/wp\/v2\/media?parent=89415"}],"wp:term":[{"taxonomy":"product_brand","embeddable":true,"href":"https:\/\/h-moser.com\/de\/wp-json\/wp\/v2\/product_brand?post=89415"},{"taxonomy":"product_cat","embeddable":true,"href":"https:\/\/h-moser.com\/de\/wp-json\/wp\/v2\/product_cat?post=89415"},{"taxonomy":"product_tag","embeddable":true,"href":"https:\/\/h-moser.com\/de\/wp-json\/wp\/v2\/product_tag?post=89415"}],"curies":[{"name":"wp","href":"https:\/\/api.w.org\/{rel}","templated":true}]}}