{"id":90650,"date":"2024-06-26T10:19:49","date_gmt":"2024-06-26T08:26:10","guid":{"rendered":"https:\/\/h-moser.com\/?post_type=product&#038;p=90650"},"modified":"2024-11-21T13:32:09","modified_gmt":"2024-11-21T12:32:09","slug":"streamliner-minute-repeater-6905-1200","status":"publish","type":"product","link":"https:\/\/h-moser.com\/de\/produkt\/streamliner-minute-repeater-6905-1200\/","title":{"rendered":"Streamliner Minute Repeater"},"content":{"rendered":"<p>Mit der Streamliner Concept Minute Repeater Tourbillon Blue Enamel interpretiert H. Moser &amp; Cie. eine der traditionellsten und romantischsten Uhrenkomplikationen neu und kombiniert sie mit einem prachtvollen fliegenden Tourbillon sowie einem \u201eGrand-Feu\u201c-Emaille-Zifferblatt mit Aqua Blue Fum\u00e9-Effekt. Die H\u00e4mmer und Tonfedern sind zifferblattseitig angebracht, und das einzigartig gestaltete Stahlgeh\u00e4use der Manufaktur mit integriertem Armband ist bis 5 ATM wasserdicht. Ein Zeitmesser, der jeden Moment zu einem klangvollen Erlebnis macht \u2013 ob zu Land oder zu Wasser.<\/p>\n","protected":false},"excerpt":{"rendered":"<p>Mit der Streamliner Concept Minute Repeater Tourbillon Blue Enamel interpretiert H. Moser &amp; Cie. eine der traditionellsten und romantischsten Uhrenkomplikationen neu und kombiniert sie mit einem prachtvollen fliegenden Tourbillon sowie einem \u201eGrand-Feu\u201c-Emaille-Zifferblatt mit Aqua Blue Fum\u00e9-Effekt. Die H\u00e4mmer und Tonfedern sind zifferblattseitig angebracht, und das einzigartig gestaltete Stahlgeh\u00e4use der Manufaktur mit integriertem Armband ist bis &hellip; <a href=\"https:\/\/h-moser.com\/de\/produkt\/streamliner-minute-repeater-6905-1200\/\">Continued<\/a><\/p>\n","protected":false},"featured_media":90569,"template":"","meta":{"_acf_changed":false,"_seopress_robots_primary_cat":"none","_seopress_titles_title":"","_seopress_titles_desc":"","_seopress_robots_index":""},"product_brand":[],"product_cat":[2001,102],"product_tag":[],"class_list":{"0":"post-90650","1":"product","2":"type-product","3":"status-publish","4":"has-post-thumbnail","6":"product_cat-minute-repeater-streamliner-de","7":"product_cat-streamliner-de","9":"first","10":"instock","11":"shipping-taxable","12":"product-type-simple"},"acf":[],"_links":{"self":[{"href":"https:\/\/h-moser.com\/de\/wp-json\/wp\/v2\/product\/90650","targetHints":{"allow":["GET"]}}],"collection":[{"href":"https:\/\/h-moser.com\/de\/wp-json\/wp\/v2\/product"}],"about":[{"href":"https:\/\/h-moser.com\/de\/wp-json\/wp\/v2\/types\/product"}],"wp:featuredmedia":[{"embeddable":true,"href":"https:\/\/h-moser.com\/de\/wp-json\/wp\/v2\/media\/90569"}],"wp:attachment":[{"href":"https:\/\/h-moser.com\/de\/wp-json\/wp\/v2\/media?parent=90650"}],"wp:term":[{"taxonomy":"product_brand","embeddable":true,"href":"https:\/\/h-moser.com\/de\/wp-json\/wp\/v2\/product_brand?post=90650"},{"taxonomy":"product_cat","embeddable":true,"href":"https:\/\/h-moser.com\/de\/wp-json\/wp\/v2\/product_cat?post=90650"},{"taxonomy":"product_tag","embeddable":true,"href":"https:\/\/h-moser.com\/de\/wp-json\/wp\/v2\/product_tag?post=90650"}],"curies":[{"name":"wp","href":"https:\/\/api.w.org\/{rel}","templated":true}]}}