{"id":92641,"date":"2024-11-27T15:12:58","date_gmt":"2024-08-29T13:14:19","guid":{"rendered":"https:\/\/h-moser.com\/?post_type=product&#038;p=92641"},"modified":"2024-08-29T15:14:19","modified_gmt":"2024-08-29T13:14:19","slug":"hmc-studio-underd0g-1800-1200","status":"publish","type":"product","link":"https:\/\/h-moser.com\/de\/produkt\/hmc-studio-underd0g-1800-1200\/","title":{"rendered":"Studio Underd0g X H. Moser &#038; Cie. &#8211; Passion Project &#8211; Limited Edition"},"content":{"rendered":"<p>Wir pr\u00e4sentieren das Ergebnis unserer wahrhaft fruchtigen Kooperation mit Studio Underd0g. Zwei verspielte Uhren, die als Paar auftreten. Zum einen die H. Moser &amp; Cie. Endeavour Perpetual Calendar Passion Fruit. Diese Uhr wird von unserem preisgekr\u00f6nten Perpetual-Calendar-Werk angetrieben und ist ein optischer Leckerbissen: Sie kombiniert ein violettes Zifferblatt mit Sonnenschliff mit einem \u201eGrand-Feu\u201c-Emaillezifferblatt auf einem Grund aus 18-kar\u00e4tigem Gelbgold. Und zum anderen die Studio Underd0g 03SERIES Passi0n Fruit mit Monodr\u00fccker-Chronograph, die mit ihrem mehrlagigen Zifferblatt in Coarse D\u00e9grad\u00e9 Amber und Royal Purple einen unwiderstehlich dynamischen Auftritt hinlegt. Mit ihren prachtvollen, fruchtig-frischen Farben feiern diese beiden Uhren ein rauschendes Fest der Leidenschaft und Kreativit\u00e4t.<\/p>\n<p>Erfahren Sie mehr: <a href=\"https:\/\/h-moser.com\/de\/studio-underd0g-h-moser\">H. Moser &amp; Cie. X Studio Underd0g<\/a><\/p>\n","protected":false},"excerpt":{"rendered":"<p>Two head turning timepieces. One passion <i>(fruit)<\/i>.<\/p>\n<p>Discover the fruits of our passion. Literally.<\/p>\n","protected":false},"featured_media":92569,"template":"","meta":{"_acf_changed":false,"_seopress_robots_primary_cat":"none","_seopress_titles_title":"","_seopress_titles_desc":"","_seopress_robots_index":""},"product_brand":[],"product_cat":[171,2134],"product_tag":[],"class_list":{"0":"post-92641","1":"product","2":"type-product","3":"status-publish","4":"has-post-thumbnail","6":"product_cat-endeavour-de","7":"product_cat-collab-studio-underd0g-de","9":"first","10":"instock","11":"shipping-taxable","12":"purchasable","13":"product-type-simple"},"acf":[],"_links":{"self":[{"href":"https:\/\/h-moser.com\/de\/wp-json\/wp\/v2\/product\/92641","targetHints":{"allow":["GET"]}}],"collection":[{"href":"https:\/\/h-moser.com\/de\/wp-json\/wp\/v2\/product"}],"about":[{"href":"https:\/\/h-moser.com\/de\/wp-json\/wp\/v2\/types\/product"}],"wp:featuredmedia":[{"embeddable":true,"href":"https:\/\/h-moser.com\/de\/wp-json\/wp\/v2\/media\/92569"}],"wp:attachment":[{"href":"https:\/\/h-moser.com\/de\/wp-json\/wp\/v2\/media?parent=92641"}],"wp:term":[{"taxonomy":"product_brand","embeddable":true,"href":"https:\/\/h-moser.com\/de\/wp-json\/wp\/v2\/product_brand?post=92641"},{"taxonomy":"product_cat","embeddable":true,"href":"https:\/\/h-moser.com\/de\/wp-json\/wp\/v2\/product_cat?post=92641"},{"taxonomy":"product_tag","embeddable":true,"href":"https:\/\/h-moser.com\/de\/wp-json\/wp\/v2\/product_tag?post=92641"}],"curies":[{"name":"wp","href":"https:\/\/api.w.org\/{rel}","templated":true}]}}