{"id":95610,"date":"2024-09-27T21:04:58","date_gmt":"2024-09-27T19:05:00","guid":{"rendered":"https:\/\/h-moser.com\/?post_type=product&#038;p=95610"},"modified":"2024-10-02T09:35:30","modified_gmt":"2024-10-02T07:35:30","slug":"pioneer-retrograde-seconds-midnight-blue-3250-1200","status":"publish","type":"product","link":"https:\/\/h-moser.com\/de\/produkt\/pioneer-retrograde-seconds-midnight-blue-3250-1200\/","title":{"rendered":"Pioneer Retrograde Seconds Midnight Blue"},"content":{"rendered":"<p>Die Pioneer Retrograde Seconds gl\u00e4nzt mit einer spektakul\u00e4ren Komplikation, die sich in ein sportlich-raffiniertes Design einf\u00fcgt. Ihr Herzst\u00fcck ist die faszinierende retrograde 30-Sekunden-Anzeige bei 6 Uhr. Zu jeder halben Minute kehrt der Zeiger blitzschnell an seinen Ausgangspunkt zur\u00fcck. Spielerische Innovation verbindet sich bei diesem Modell mit dem f\u00fcr H. Moser &amp; Cie. charakteristischen Minimalismus, der in dem transparenten Logo auf dem Midnight Blue Fum\u00e9-Zifferblatt beispielhaft zum Ausdruck kommt. Das absolute Highlight ist jedoch die Transparenz des Mechanismus, die ein visuelles Erlebnis schafft, das seinesgleichen sucht.<\/p>\n","protected":false},"excerpt":{"rendered":"<p>Die Pioneer Retrograde Seconds gl\u00e4nzt mit einer spektakul\u00e4ren Komplikation, die sich in ein sportlich-raffiniertes Design einf\u00fcgt. Ihr Herzst\u00fcck ist die faszinierende retrograde 30-Sekunden-Anzeige bei 6 Uhr. Zu jeder halben Minute kehrt der Zeiger blitzschnell an seinen Ausgangspunkt zur\u00fcck. Spielerische Innovation verbindet sich bei diesem Modell mit dem f\u00fcr H. Moser &amp; Cie. charakteristischen Minimalismus, der &hellip; <a href=\"https:\/\/h-moser.com\/de\/produkt\/pioneer-retrograde-seconds-midnight-blue-3250-1200\/\">Continued<\/a><\/p>\n","protected":false},"featured_media":95645,"template":"","meta":{"_acf_changed":false,"_seopress_robots_primary_cat":"none","_seopress_titles_title":"","_seopress_titles_desc":"","_seopress_robots_index":""},"product_brand":[],"product_cat":[276],"product_tag":[],"class_list":{"0":"post-95610","1":"product","2":"type-product","3":"status-publish","4":"has-post-thumbnail","6":"product_cat-pioneer-de","8":"first","9":"instock","10":"shipping-taxable","11":"purchasable","12":"product-type-simple"},"acf":[],"_links":{"self":[{"href":"https:\/\/h-moser.com\/de\/wp-json\/wp\/v2\/product\/95610","targetHints":{"allow":["GET"]}}],"collection":[{"href":"https:\/\/h-moser.com\/de\/wp-json\/wp\/v2\/product"}],"about":[{"href":"https:\/\/h-moser.com\/de\/wp-json\/wp\/v2\/types\/product"}],"wp:featuredmedia":[{"embeddable":true,"href":"https:\/\/h-moser.com\/de\/wp-json\/wp\/v2\/media\/95645"}],"wp:attachment":[{"href":"https:\/\/h-moser.com\/de\/wp-json\/wp\/v2\/media?parent=95610"}],"wp:term":[{"taxonomy":"product_brand","embeddable":true,"href":"https:\/\/h-moser.com\/de\/wp-json\/wp\/v2\/product_brand?post=95610"},{"taxonomy":"product_cat","embeddable":true,"href":"https:\/\/h-moser.com\/de\/wp-json\/wp\/v2\/product_cat?post=95610"},{"taxonomy":"product_tag","embeddable":true,"href":"https:\/\/h-moser.com\/de\/wp-json\/wp\/v2\/product_tag?post=95610"}],"curies":[{"name":"wp","href":"https:\/\/api.w.org\/{rel}","templated":true}]}}