{"id":96555,"date":"2024-11-28T13:49:54","date_gmt":"2024-10-16T11:52:32","guid":{"rendered":"https:\/\/h-moser.com\/?post_type=product&#038;p=96555"},"modified":"2025-09-09T12:18:15","modified_gmt":"2025-09-09T10:18:15","slug":"hmc-massena-lab-1220-1200","status":"publish","type":"product","link":"https:\/\/h-moser.com\/de\/produkt\/hmc-massena-lab-1220-1200\/","title":{"rendered":"Endeavour Chronograph H. Moser X Massena LAB"},"content":{"rendered":"<p>Wir pr\u00e4sentieren unsere neueste Kooperation mit Massena LAB: die Endeavour Chronograph. Inspiriert von Moser-Modellen aus der Mitte des 20. Jahrhunderts, feiert diese Uhr sowohl unsere uhrmacherische Vergangenheit als auch unsere Leidenschaft f\u00fcr Innovation. Sie vereint eine klassische Anordnung, unser charakteristisches Funky Blue Fum\u00e9-Zifferblatt und den unersch\u00f6pflichen Ideenreichtum unserer Freunde bei Massena LAB. Wie k\u00f6nnte man von dieser Uhr nicht begeistert sein? Es ist, als w\u00fcrde man auf eine antike Uhrenrarit\u00e4t in einem Museum stossen \u2013 nur dass dieses Modell bewusst f\u00fcr moderne Entdecker geschaffen wurde.<\/p>\n<p><strong>Das Modell ist exklusiv in den Boutiquen von H. Moser &amp; Cie. sowie in Online-Boutique erh\u00e4ltlich. Eine l<\/strong><strong>imitierte Auflage von 100 St\u00fcck.<\/strong><\/p>\n","protected":false},"excerpt":{"rendered":"<p>Wir pr\u00e4sentieren unsere neueste Kooperation mit Massena LAB: die Endeavour Chronograph. Inspiriert von Moser-Modellen aus der Mitte des 20. Jahrhunderts, feiert diese Uhr sowohl unsere uhrmacherische Vergangenheit als auch unsere Leidenschaft f\u00fcr Innovation. Sie vereint eine klassische Anordnung, unser charakteristisches Funky Blue Fum\u00e9-Zifferblatt und den unersch\u00f6pflichen Ideenreichtum unserer Freunde bei Massena LAB. Wie k\u00f6nnte man &hellip; <a href=\"https:\/\/h-moser.com\/de\/produkt\/hmc-massena-lab-1220-1200\/\">Continued<\/a><\/p>\n","protected":false},"featured_media":96487,"template":"","meta":{"_acf_changed":false,"_seopress_robots_primary_cat":"none","_seopress_titles_title":"","_seopress_titles_desc":"","_seopress_robots_index":""},"product_brand":[],"product_cat":[67],"product_tag":[],"class_list":{"0":"post-96555","1":"product","2":"type-product","3":"status-publish","4":"has-post-thumbnail","6":"product_cat-non-classe-de-2","8":"first","9":"instock","10":"shipping-taxable","11":"purchasable","12":"product-type-simple"},"acf":[],"_links":{"self":[{"href":"https:\/\/h-moser.com\/de\/wp-json\/wp\/v2\/product\/96555","targetHints":{"allow":["GET"]}}],"collection":[{"href":"https:\/\/h-moser.com\/de\/wp-json\/wp\/v2\/product"}],"about":[{"href":"https:\/\/h-moser.com\/de\/wp-json\/wp\/v2\/types\/product"}],"wp:featuredmedia":[{"embeddable":true,"href":"https:\/\/h-moser.com\/de\/wp-json\/wp\/v2\/media\/96487"}],"wp:attachment":[{"href":"https:\/\/h-moser.com\/de\/wp-json\/wp\/v2\/media?parent=96555"}],"wp:term":[{"taxonomy":"product_brand","embeddable":true,"href":"https:\/\/h-moser.com\/de\/wp-json\/wp\/v2\/product_brand?post=96555"},{"taxonomy":"product_cat","embeddable":true,"href":"https:\/\/h-moser.com\/de\/wp-json\/wp\/v2\/product_cat?post=96555"},{"taxonomy":"product_tag","embeddable":true,"href":"https:\/\/h-moser.com\/de\/wp-json\/wp\/v2\/product_tag?post=96555"}],"curies":[{"name":"wp","href":"https:\/\/api.w.org\/{rel}","templated":true}]}}