{"id":99005,"date":"2024-11-14T14:57:05","date_gmt":"2024-11-27T19:57:05","guid":{"rendered":"https:\/\/h-moser.com\/?post_type=product&#038;p=99005"},"modified":"2024-11-28T14:35:35","modified_gmt":"2024-11-28T13:35:35","slug":"endeavour-centre-seconds-vantablack-1200-1239","status":"publish","type":"product","link":"https:\/\/h-moser.com\/de\/produkt\/endeavour-centre-seconds-vantablack-1200-1239\/","title":{"rendered":"Endeavour Centre Seconds Concept Vantablack\u00ae"},"content":{"rendered":"<p>Auffallend minimalistisch und dennoch von unglaublicher visueller Tiefe: Das Endeavour Centre Seconds Concept Vantablack\u00ae wird mit einer innovativen Beschichtung hergestellt, die urspr\u00fcnglich f\u00fcr die Astrophysik entwickelt wurde und als das schw\u00e4rzeste vom Menschen hergestellte Material gilt. Durch die Minimierung von Lichtreflexionen entsteht der Eindruck eines leeren Raums, in dem die Zeiger sich mit m\u00fcheloser Pr\u00e4zision bewegen. Diese klassische Drei-Zeiger-Uhr zeichnet sich durch ihre Doppelspirale und einen eleganten violetten Sekundenzeiger aus.\u00a0<\/p>\n","protected":false},"excerpt":{"rendered":"<p>Auffallend minimalistisch und dennoch von unglaublicher visueller Tiefe: Das Endeavour Centre Seconds Concept Vantablack\u00ae wird mit einer innovativen Beschichtung hergestellt, die urspr\u00fcnglich f\u00fcr die Astrophysik entwickelt wurde und als das schw\u00e4rzeste vom Menschen hergestellte Material gilt. Durch die Minimierung von Lichtreflexionen entsteht der Eindruck eines leeren Raums, in dem die Zeiger sich mit m\u00fcheloser Pr\u00e4zision &hellip; <a href=\"https:\/\/h-moser.com\/de\/produkt\/endeavour-centre-seconds-vantablack-1200-1239\/\">Continued<\/a><\/p>\n","protected":false},"featured_media":98913,"template":"","meta":{"_acf_changed":false,"_seopress_robots_primary_cat":"none","_seopress_titles_title":"","_seopress_titles_desc":"","_seopress_robots_index":""},"product_brand":[],"product_cat":[176,171],"product_tag":[],"class_list":{"0":"post-99005","1":"product","2":"type-product","3":"status-publish","4":"has-post-thumbnail","6":"product_cat-centre-seconds-de","7":"product_cat-endeavour-de","9":"first","10":"instock","11":"shipping-taxable","12":"purchasable","13":"product-type-simple"},"acf":[],"_links":{"self":[{"href":"https:\/\/h-moser.com\/de\/wp-json\/wp\/v2\/product\/99005","targetHints":{"allow":["GET"]}}],"collection":[{"href":"https:\/\/h-moser.com\/de\/wp-json\/wp\/v2\/product"}],"about":[{"href":"https:\/\/h-moser.com\/de\/wp-json\/wp\/v2\/types\/product"}],"wp:featuredmedia":[{"embeddable":true,"href":"https:\/\/h-moser.com\/de\/wp-json\/wp\/v2\/media\/98913"}],"wp:attachment":[{"href":"https:\/\/h-moser.com\/de\/wp-json\/wp\/v2\/media?parent=99005"}],"wp:term":[{"taxonomy":"product_brand","embeddable":true,"href":"https:\/\/h-moser.com\/de\/wp-json\/wp\/v2\/product_brand?post=99005"},{"taxonomy":"product_cat","embeddable":true,"href":"https:\/\/h-moser.com\/de\/wp-json\/wp\/v2\/product_cat?post=99005"},{"taxonomy":"product_tag","embeddable":true,"href":"https:\/\/h-moser.com\/de\/wp-json\/wp\/v2\/product_tag?post=99005"}],"curies":[{"name":"wp","href":"https:\/\/api.w.org\/{rel}","templated":true}]}}