{"id":99010,"date":"2024-11-21T21:07:28","date_gmt":"2024-11-27T20:07:29","guid":{"rendered":"https:\/\/h-moser.com\/?post_type=product&#038;p=99010"},"modified":"2024-11-28T14:41:13","modified_gmt":"2024-11-28T13:41:13","slug":"endeavour-tourbillon-aventurine-1804-1219","status":"publish","type":"product","link":"https:\/\/h-moser.com\/de\/produkt\/endeavour-tourbillon-aventurine-1804-1219\/","title":{"rendered":"Endeavour Aventurine Tourbillon Steel"},"content":{"rendered":"<p>Minimalistisch, aber alles andere als langweilig: Das Endeavour Aventurine Tourbillon in Stahl ist eine Uhr, die auf das Wesentliche reduziert ist und das Konzept \u201eweniger ist mehr\u201c verk\u00f6rpert. Mit einem scharfen, k\u00fchlen Kontrast f\u00e4ngt dieses Aventurin-Zifferblatt den unendlichen Glanz des Sternenhimmels ein und l\u00e4dt den Tr\u00e4ger ein, in seine grenzenlose Tiefe einzutauchen \u2013 alles in einem perfekt proportionierten 40 mm Geh\u00e4use.<\/p>\n","protected":false},"excerpt":{"rendered":"<p>Minimalistisch, aber alles andere als langweilig: Das Endeavour Aventurine Tourbillon in Stahl ist eine Uhr, die auf das Wesentliche reduziert ist und das Konzept \u201eweniger ist mehr\u201c verk\u00f6rpert. Mit einem scharfen, k\u00fchlen Kontrast f\u00e4ngt dieses Aventurin-Zifferblatt den unendlichen Glanz des Sternenhimmels ein und l\u00e4dt den Tr\u00e4ger ein, in seine grenzenlose Tiefe einzutauchen \u2013 alles in &hellip; <a href=\"https:\/\/h-moser.com\/de\/produkt\/endeavour-tourbillon-aventurine-1804-1219\/\">Continued<\/a><\/p>\n","protected":false},"featured_media":98857,"template":"","meta":{"_acf_changed":false,"_seopress_robots_primary_cat":"none","_seopress_titles_title":"","_seopress_titles_desc":"","_seopress_robots_index":""},"product_brand":[],"product_cat":[171,219],"product_tag":[],"class_list":{"0":"post-99010","1":"product","2":"type-product","3":"status-publish","4":"has-post-thumbnail","6":"product_cat-endeavour-de","7":"product_cat-tourbillon-de","9":"first","10":"instock","11":"shipping-taxable","12":"purchasable","13":"product-type-simple"},"acf":[],"_links":{"self":[{"href":"https:\/\/h-moser.com\/de\/wp-json\/wp\/v2\/product\/99010","targetHints":{"allow":["GET"]}}],"collection":[{"href":"https:\/\/h-moser.com\/de\/wp-json\/wp\/v2\/product"}],"about":[{"href":"https:\/\/h-moser.com\/de\/wp-json\/wp\/v2\/types\/product"}],"wp:featuredmedia":[{"embeddable":true,"href":"https:\/\/h-moser.com\/de\/wp-json\/wp\/v2\/media\/98857"}],"wp:attachment":[{"href":"https:\/\/h-moser.com\/de\/wp-json\/wp\/v2\/media?parent=99010"}],"wp:term":[{"taxonomy":"product_brand","embeddable":true,"href":"https:\/\/h-moser.com\/de\/wp-json\/wp\/v2\/product_brand?post=99010"},{"taxonomy":"product_cat","embeddable":true,"href":"https:\/\/h-moser.com\/de\/wp-json\/wp\/v2\/product_cat?post=99010"},{"taxonomy":"product_tag","embeddable":true,"href":"https:\/\/h-moser.com\/de\/wp-json\/wp\/v2\/product_tag?post=99010"}],"curies":[{"name":"wp","href":"https:\/\/api.w.org\/{rel}","templated":true}]}}