{"id":99973,"date":"2024-11-16T08:30:29","date_gmt":"2025-01-08T10:30:29","guid":{"rendered":"https:\/\/h-moser.com\/?post_type=product&#038;p=99973"},"modified":"2025-01-09T15:01:16","modified_gmt":"2025-01-09T14:01:16","slug":"endeavour-blue-lagoon-centre-seconds-1200-1240","status":"publish","type":"product","link":"https:\/\/h-moser.com\/de\/produkt\/endeavour-blue-lagoon-centre-seconds-1200-1240\/","title":{"rendered":"Endeavour Centre Seconds Blue Lagoon"},"content":{"rendered":"<p>Die Verk\u00f6rperung zeitgen\u00f6ssischer Eleganz: Die Endeavour Centre Seconds, jetzt in 38 mm erh\u00e4ltlich. Das Stahlgeh\u00e4use harmoniert perfekt mit dem Blue Lagoon-Verlauf des Fum\u00e9-Zifferblatts und bietet ein minimalistisch, aber dennoch ausdrucksstarkes Design von H. Moser &amp; Cie. Angetrieben von einem automatischen Manufakturwerk mit Doppelspirale betont diese puristische Ausf\u00fchrung die Sch\u00f6nheit des skulpturalen Geh\u00e4uses und des lebhaften Zifferblatts.<\/p>\n","protected":false},"excerpt":{"rendered":"<p>Die Verk\u00f6rperung zeitgen\u00f6ssischer Eleganz: Die Endeavour Centre Seconds, jetzt in 38 mm erh\u00e4ltlich. Das Stahlgeh\u00e4use harmoniert perfekt mit dem Blue Lagoon-Verlauf des Fum\u00e9-Zifferblatts und bietet ein minimalistisch, aber dennoch ausdrucksstarkes Design von H. Moser &amp; Cie. Angetrieben von einem automatischen Manufakturwerk mit Doppelspirale betont diese puristische Ausf\u00fchrung die Sch\u00f6nheit des skulpturalen Geh\u00e4uses und des lebhaften &hellip; <a href=\"https:\/\/h-moser.com\/de\/produkt\/endeavour-blue-lagoon-centre-seconds-1200-1240\/\">Continued<\/a><\/p>\n","protected":false},"featured_media":100001,"template":"","meta":{"_acf_changed":false,"_seopress_robots_primary_cat":"none","_seopress_titles_title":"H. Moser &amp; Cie. \u2013 Endeavour Centre Seconds Steel and Blue Lagoon fum\u00e9 Concept dial","_seopress_titles_desc":"Endeavour Centre Seconds in Steel with Blue Lagoon fum\u00e9 Concept dial, a modern-classic piece of independent watchmaking.","_seopress_robots_index":""},"product_brand":[],"product_cat":[176,171],"product_tag":[],"class_list":{"0":"post-99973","1":"product","2":"type-product","3":"status-publish","4":"has-post-thumbnail","6":"product_cat-centre-seconds-de","7":"product_cat-endeavour-de","9":"first","10":"instock","11":"shipping-taxable","12":"purchasable","13":"product-type-simple"},"acf":[],"_links":{"self":[{"href":"https:\/\/h-moser.com\/de\/wp-json\/wp\/v2\/product\/99973","targetHints":{"allow":["GET"]}}],"collection":[{"href":"https:\/\/h-moser.com\/de\/wp-json\/wp\/v2\/product"}],"about":[{"href":"https:\/\/h-moser.com\/de\/wp-json\/wp\/v2\/types\/product"}],"wp:featuredmedia":[{"embeddable":true,"href":"https:\/\/h-moser.com\/de\/wp-json\/wp\/v2\/media\/100001"}],"wp:attachment":[{"href":"https:\/\/h-moser.com\/de\/wp-json\/wp\/v2\/media?parent=99973"}],"wp:term":[{"taxonomy":"product_brand","embeddable":true,"href":"https:\/\/h-moser.com\/de\/wp-json\/wp\/v2\/product_brand?post=99973"},{"taxonomy":"product_cat","embeddable":true,"href":"https:\/\/h-moser.com\/de\/wp-json\/wp\/v2\/product_cat?post=99973"},{"taxonomy":"product_tag","embeddable":true,"href":"https:\/\/h-moser.com\/de\/wp-json\/wp\/v2\/product_tag?post=99973"}],"curies":[{"name":"wp","href":"https:\/\/api.w.org\/{rel}","templated":true}]}}