{"id":19706,"date":"2021-02-17T16:59:53","date_gmt":"2021-02-17T15:59:53","guid":{"rendered":"https:\/\/h-moser.com\/jobs\/"},"modified":"2026-03-27T10:42:14","modified_gmt":"2026-03-27T09:42:14","slug":"jobs","status":"publish","type":"page","link":"https:\/\/h-moser.com\/fr\/jobs\/","title":{"rendered":"Emplois"},"content":{"rendered":"\n<p>Tourn\u00e9e vers l\u2019avenir tout en rendant hommage aux g\u00e9n\u00e9rations qui nous ont pr\u00e9c\u00e9d\u00e9, H. Moser &amp; Cie. a toujours reconnu que le facteur humain est ce qui fait la diff\u00e9rence. Le savoir-faire et la ma\u00eetrise de l\u2019artisanat propres \u00e0 chaque membre de l\u2019\u00e9quipe constituent des \u00e9l\u00e9ments d\u00e9cisifs du succ\u00e8s de notre manufacture. En tant que petite marque situ\u00e9e non loin des chutes du Rhin, \u00e0 Schaffhouse, nous nous consid\u00e9rons plus comme une famille que comme une entreprise.<\/p>\n\n\n\n<p>Si vous voulez entrer dans notre famille, postulez \u00e0 l\u2019un des emplois ci-dessous ou envoyez-nous un courriel \u00e0 l\u2019adresse suivante:&nbsp;<a href=\"mailto:jobs@h-moser.com\">jobs@h-moser.com<\/a><\/p>\n","protected":false},"excerpt":{"rendered":"<p>Tourn\u00e9e vers l\u2019avenir tout en rendant hommage aux g\u00e9n\u00e9rations qui nous ont pr\u00e9c\u00e9d\u00e9, H. Moser &amp; Cie. a toujours reconnu que le facteur humain est ce qui fait la diff\u00e9rence. Le savoir-faire et la ma\u00eetrise de l\u2019artisanat propres \u00e0 chaque membre de l\u2019\u00e9quipe constituent des \u00e9l\u00e9ments d\u00e9cisifs du succ\u00e8s de notre manufacture. En tant que &hellip; <a href=\"https:\/\/h-moser.com\/fr\/jobs\/\">Continued<\/a><\/p>\n","protected":false},"author":3,"featured_media":0,"parent":0,"menu_order":0,"comment_status":"closed","ping_status":"closed","template":"views\/template-jobs.blade.php","meta":{"_acf_changed":false,"_seopress_robots_primary_cat":"","_seopress_titles_title":"","_seopress_titles_desc":"","_seopress_robots_index":"","footnotes":""},"class_list":["post-19706","page","type-page","status-publish","hentry"],"acf":[],"_links":{"self":[{"href":"https:\/\/h-moser.com\/fr\/wp-json\/wp\/v2\/pages\/19706","targetHints":{"allow":["GET"]}}],"collection":[{"href":"https:\/\/h-moser.com\/fr\/wp-json\/wp\/v2\/pages"}],"about":[{"href":"https:\/\/h-moser.com\/fr\/wp-json\/wp\/v2\/types\/page"}],"author":[{"embeddable":true,"href":"https:\/\/h-moser.com\/fr\/wp-json\/wp\/v2\/users\/3"}],"replies":[{"embeddable":true,"href":"https:\/\/h-moser.com\/fr\/wp-json\/wp\/v2\/comments?post=19706"}],"version-history":[{"count":140,"href":"https:\/\/h-moser.com\/fr\/wp-json\/wp\/v2\/pages\/19706\/revisions"}],"predecessor-version":[{"id":118891,"href":"https:\/\/h-moser.com\/fr\/wp-json\/wp\/v2\/pages\/19706\/revisions\/118891"}],"wp:attachment":[{"href":"https:\/\/h-moser.com\/fr\/wp-json\/wp\/v2\/media?parent=19706"}],"curies":[{"name":"wp","href":"https:\/\/api.w.org\/{rel}","templated":true}]}}