{"id":40251,"date":"2022-02-16T17:58:26","date_gmt":"2022-02-16T16:58:26","guid":{"rendered":"https:\/\/h-moser.com\/user-manuals\/"},"modified":"2025-01-21T10:05:01","modified_gmt":"2025-01-21T09:05:01","slug":"user-manual","status":"publish","type":"page","link":"https:\/\/h-moser.com\/fr\/user-manual\/","title":{"rendered":"Trouvez votre mode d&#8217;emploi"},"content":{"rendered":"\n<p>Veuillez trouver ci-dessous la liste des modes d&#8217;emploi de H. Moser &amp; Cie. Pour trouver celui qui correspond \u00e0 votre montre, vous pouvez utiliser le champ de recherche ou les filtres et t\u00e9l\u00e9charger le document.<\/p>\n","protected":false},"excerpt":{"rendered":"<p>Veuillez trouver ci-dessous la liste des modes d&#8217;emploi de H. Moser &amp; Cie. Pour trouver celui qui correspond \u00e0 votre montre, vous pouvez utiliser le champ de recherche ou les filtres et t\u00e9l\u00e9charger le document.<\/p>\n","protected":false},"author":3,"featured_media":0,"parent":0,"menu_order":0,"comment_status":"closed","ping_status":"closed","template":"views\/template-user-manual.blade.php","meta":{"_acf_changed":false,"_seopress_robots_primary_cat":"","_seopress_titles_title":"","_seopress_titles_desc":"","_seopress_robots_index":"","footnotes":""},"class_list":["post-40251","page","type-page","status-publish","hentry"],"acf":[],"_links":{"self":[{"href":"https:\/\/h-moser.com\/fr\/wp-json\/wp\/v2\/pages\/40251","targetHints":{"allow":["GET"]}}],"collection":[{"href":"https:\/\/h-moser.com\/fr\/wp-json\/wp\/v2\/pages"}],"about":[{"href":"https:\/\/h-moser.com\/fr\/wp-json\/wp\/v2\/types\/page"}],"author":[{"embeddable":true,"href":"https:\/\/h-moser.com\/fr\/wp-json\/wp\/v2\/users\/3"}],"replies":[{"embeddable":true,"href":"https:\/\/h-moser.com\/fr\/wp-json\/wp\/v2\/comments?post=40251"}],"version-history":[{"count":7,"href":"https:\/\/h-moser.com\/fr\/wp-json\/wp\/v2\/pages\/40251\/revisions"}],"predecessor-version":[{"id":100472,"href":"https:\/\/h-moser.com\/fr\/wp-json\/wp\/v2\/pages\/40251\/revisions\/100472"}],"wp:attachment":[{"href":"https:\/\/h-moser.com\/fr\/wp-json\/wp\/v2\/media?parent=40251"}],"curies":[{"name":"wp","href":"https:\/\/api.w.org\/{rel}","templated":true}]}}