{"id":5711,"date":"2020-07-28T16:05:11","date_gmt":"2020-07-28T14:05:11","guid":{"rendered":"http:\/\/localhost\/hmoser\/retailers\/"},"modified":"2021-09-20T17:12:42","modified_gmt":"2021-09-20T15:12:42","slug":"retailers","status":"publish","type":"page","link":"https:\/\/h-moser.com\/fr\/retailers\/","title":{"rendered":"D\u00e9taillants"},"content":{"rendered":"\n<p>* Les pays et r\u00e9gions list\u00e9s sur notre site sont r\u00e9pertori\u00e9s de mani\u00e8re \u00e0 amener une exp\u00e9rience utilisateur la plus simple et intuitive possible.<\/p>\n","protected":false},"excerpt":{"rendered":"<p>* Les pays et r\u00e9gions list\u00e9s sur notre site sont r\u00e9pertori\u00e9s de mani\u00e8re \u00e0 amener une exp\u00e9rience utilisateur la plus simple et intuitive possible.<\/p>\n","protected":false},"author":3,"featured_media":0,"parent":0,"menu_order":0,"comment_status":"closed","ping_status":"closed","template":"views\/retailers.blade.php","meta":{"_acf_changed":false,"_seopress_robots_primary_cat":"","_seopress_titles_title":"","_seopress_titles_desc":"","_seopress_robots_index":"","footnotes":""},"class_list":["post-5711","page","type-page","status-publish","hentry"],"acf":[],"_links":{"self":[{"href":"https:\/\/h-moser.com\/fr\/wp-json\/wp\/v2\/pages\/5711","targetHints":{"allow":["GET"]}}],"collection":[{"href":"https:\/\/h-moser.com\/fr\/wp-json\/wp\/v2\/pages"}],"about":[{"href":"https:\/\/h-moser.com\/fr\/wp-json\/wp\/v2\/types\/page"}],"author":[{"embeddable":true,"href":"https:\/\/h-moser.com\/fr\/wp-json\/wp\/v2\/users\/3"}],"replies":[{"embeddable":true,"href":"https:\/\/h-moser.com\/fr\/wp-json\/wp\/v2\/comments?post=5711"}],"version-history":[{"count":4,"href":"https:\/\/h-moser.com\/fr\/wp-json\/wp\/v2\/pages\/5711\/revisions"}],"predecessor-version":[{"id":30890,"href":"https:\/\/h-moser.com\/fr\/wp-json\/wp\/v2\/pages\/5711\/revisions\/30890"}],"wp:attachment":[{"href":"https:\/\/h-moser.com\/fr\/wp-json\/wp\/v2\/media?parent=5711"}],"curies":[{"name":"wp","href":"https:\/\/api.w.org\/{rel}","templated":true}]}}