{"id":774,"date":"2020-02-25T15:51:23","date_gmt":"2020-02-25T14:51:23","guid":{"rendered":"https:\/\/shop-now.h-moser.com\/?page_id=774"},"modified":"2024-03-19T13:12:34","modified_gmt":"2024-03-19T12:12:34","slug":"accueil","status":"publish","type":"page","link":"https:\/\/h-moser.com\/fr\/accueil\/","title":{"rendered":"Accueil"},"content":{"rendered":"","protected":false},"excerpt":{"rendered":"","protected":false},"author":3,"featured_media":3269,"parent":0,"menu_order":0,"comment_status":"closed","ping_status":"closed","template":"","meta":{"_acf_changed":false,"_seopress_robots_primary_cat":"","_seopress_titles_title":"H. Moser &amp; Cie. - Commander maintenant nos montres","_seopress_titles_desc":"H. Moser &amp; Cie. poss\u00e8de une s\u00e9lection de montres neuves et d&#039;occasion certifi\u00e9es, disponibles directement en ligne et livr\u00e9es \u00e0 votre porte. ","_seopress_robots_index":"","footnotes":""},"class_list":["post-774","page","type-page","status-publish","has-post-thumbnail","hentry"],"acf":[],"_links":{"self":[{"href":"https:\/\/h-moser.com\/fr\/wp-json\/wp\/v2\/pages\/774","targetHints":{"allow":["GET"]}}],"collection":[{"href":"https:\/\/h-moser.com\/fr\/wp-json\/wp\/v2\/pages"}],"about":[{"href":"https:\/\/h-moser.com\/fr\/wp-json\/wp\/v2\/types\/page"}],"author":[{"embeddable":true,"href":"https:\/\/h-moser.com\/fr\/wp-json\/wp\/v2\/users\/3"}],"replies":[{"embeddable":true,"href":"https:\/\/h-moser.com\/fr\/wp-json\/wp\/v2\/comments?post=774"}],"version-history":[{"count":11,"href":"https:\/\/h-moser.com\/fr\/wp-json\/wp\/v2\/pages\/774\/revisions"}],"predecessor-version":[{"id":80864,"href":"https:\/\/h-moser.com\/fr\/wp-json\/wp\/v2\/pages\/774\/revisions\/80864"}],"wp:featuredmedia":[{"embeddable":true,"href":"https:\/\/h-moser.com\/fr\/wp-json\/wp\/v2\/media\/3269"}],"wp:attachment":[{"href":"https:\/\/h-moser.com\/fr\/wp-json\/wp\/v2\/media?parent=774"}],"curies":[{"name":"wp","href":"https:\/\/api.w.org\/{rel}","templated":true}]}}