{"id":100020,"date":"2025-01-08T12:11:56","date_gmt":"2025-01-08T11:11:56","guid":{"rendered":"https:\/\/h-moser.com\/?post_type=product&#038;p=100020"},"modified":"2025-01-09T15:03:32","modified_gmt":"2025-01-09T14:03:32","slug":"endeavour-blue-lagoon-tourbillon-1804-0405","status":"publish","type":"product","link":"https:\/\/h-moser.com\/fr\/produit\/endeavour-blue-lagoon-tourbillon-1804-0405\/","title":{"rendered":"Endeavour Tourbillon Blue Lagoon Diamond Bezel"},"content":{"rendered":"<p>L\u2019incarnation de l\u2019\u00e9l\u00e9gance contemporaine : l\u2019Endeavour Tourbillon en or rouge avec une lunette sertie de diamants de 38 mm et un cadran fum\u00e9 Blue Lagoon associe le mouvement automatique manufactur\u00e9 de H. Moser &#038; Cie. \u00e0 un tourbillon hypnotique. Les marqueurs ou d\u00e9corations sont omis au profit d\u2019un design \u00e9pur\u00e9, permettant au cadran fum\u00e9 riche et au mouvement fascinant du tourbillon d\u2019\u00eatre au premier plan.<\/p>\n","protected":false},"excerpt":{"rendered":"<p>L\u2019incarnation de l\u2019\u00e9l\u00e9gance contemporaine : l\u2019Endeavour Tourbillon en or rouge avec une lunette sertie de diamants de 38 mm et un cadran fum\u00e9 Blue Lagoon associe le mouvement automatique manufactur\u00e9 de H. Moser &#038; Cie. \u00e0 un tourbillon hypnotique. Les marqueurs ou d\u00e9corations sont omis au profit d\u2019un design \u00e9pur\u00e9, permettant au cadran fum\u00e9 riche &hellip; <a href=\"https:\/\/h-moser.com\/fr\/produit\/endeavour-blue-lagoon-tourbillon-1804-0405\/\">Continued<\/a><\/p>\n","protected":false},"featured_media":100034,"template":"","meta":{"_acf_changed":false,"_seopress_robots_primary_cat":"none","_seopress_titles_title":"H. Moser &amp; Cie. \u2013 Endeavour Tourbillon Concept White Gold and Diamonds with Funky Blue dial","_seopress_titles_desc":"Endeavour Tourbillon Concept in white gold, diamonds and Funky Blue fum\u00e9 dial. Minimalist yet complex haute horlogerie.","_seopress_robots_index":""},"product_brand":[],"product_cat":[168,218],"product_tag":[],"class_list":{"0":"post-100020","1":"product","2":"type-product","3":"status-publish","4":"has-post-thumbnail","6":"product_cat-endeavour-fr-2","7":"product_cat-tourbillon-fr","9":"first","10":"instock","11":"shipping-taxable","12":"purchasable","13":"product-type-simple"},"acf":[],"_links":{"self":[{"href":"https:\/\/h-moser.com\/fr\/wp-json\/wp\/v2\/product\/100020","targetHints":{"allow":["GET"]}}],"collection":[{"href":"https:\/\/h-moser.com\/fr\/wp-json\/wp\/v2\/product"}],"about":[{"href":"https:\/\/h-moser.com\/fr\/wp-json\/wp\/v2\/types\/product"}],"wp:featuredmedia":[{"embeddable":true,"href":"https:\/\/h-moser.com\/fr\/wp-json\/wp\/v2\/media\/100034"}],"wp:attachment":[{"href":"https:\/\/h-moser.com\/fr\/wp-json\/wp\/v2\/media?parent=100020"}],"wp:term":[{"taxonomy":"product_brand","embeddable":true,"href":"https:\/\/h-moser.com\/fr\/wp-json\/wp\/v2\/product_brand?post=100020"},{"taxonomy":"product_cat","embeddable":true,"href":"https:\/\/h-moser.com\/fr\/wp-json\/wp\/v2\/product_cat?post=100020"},{"taxonomy":"product_tag","embeddable":true,"href":"https:\/\/h-moser.com\/fr\/wp-json\/wp\/v2\/product_tag?post=100020"}],"curies":[{"name":"wp","href":"https:\/\/api.w.org\/{rel}","templated":true}]}}