{"id":100067,"date":"2024-11-20T23:51:12","date_gmt":"2025-01-08T12:51:12","guid":{"rendered":"https:\/\/h-moser.com\/?post_type=product&#038;p=100067"},"modified":"2025-01-09T16:00:12","modified_gmt":"2025-01-09T15:00:12","slug":"endeavour-blue-lagoon-tourbillon-1804-0406","status":"publish","type":"product","link":"https:\/\/h-moser.com\/fr\/produit\/endeavour-blue-lagoon-tourbillon-1804-0406\/","title":{"rendered":"Endeavour Tourbillon Blue Lagoon"},"content":{"rendered":"<p>L\u2019incarnation de l\u2019\u00e9l\u00e9gance contemporaine : l\u2019Endeavour Tourbillon en or rouge avec un cadran fum\u00e9 Blue Lagoon combine l\u2019esth\u00e9tique raffin\u00e9e de H. Moser &#038; Cie. avec un mouvement automatique manufactur\u00e9. Le bo\u00eetier sculpt\u00e9 de 38 mm compl\u00e8te parfaitement le riche cadran fum\u00e9, permettant au mouvement fascinant du tourbillon d\u2019\u00eatre au premier plan.<\/p>\n","protected":false},"excerpt":{"rendered":"<p>L\u2019incarnation de l\u2019\u00e9l\u00e9gance contemporaine : l\u2019Endeavour Tourbillon en or rouge avec un cadran fum\u00e9 Blue Lagoon combine l\u2019esth\u00e9tique raffin\u00e9e de H. Moser &#038; Cie. avec un mouvement automatique manufactur\u00e9. Le bo\u00eetier sculpt\u00e9 de 38 mm compl\u00e8te parfaitement le riche cadran fum\u00e9, permettant au mouvement fascinant du tourbillon d\u2019\u00eatre au premier plan.<\/p>\n","protected":false},"featured_media":100081,"template":"","meta":{"_acf_changed":false,"_seopress_robots_primary_cat":"none","_seopress_titles_title":"H. Moser &amp; Cie. \u2013 Endeavour Tourbillon Concept White Gold and Diamonds with Funky Blue dial","_seopress_titles_desc":"Endeavour Tourbillon Concept in white gold, diamonds and Funky Blue fum\u00e9 dial. Minimalist yet complex haute horlogerie.","_seopress_robots_index":""},"product_brand":[],"product_cat":[168,218],"product_tag":[],"class_list":{"0":"post-100067","1":"product","2":"type-product","3":"status-publish","4":"has-post-thumbnail","6":"product_cat-endeavour-fr-2","7":"product_cat-tourbillon-fr","9":"first","10":"instock","11":"shipping-taxable","12":"purchasable","13":"product-type-simple"},"acf":[],"_links":{"self":[{"href":"https:\/\/h-moser.com\/fr\/wp-json\/wp\/v2\/product\/100067","targetHints":{"allow":["GET"]}}],"collection":[{"href":"https:\/\/h-moser.com\/fr\/wp-json\/wp\/v2\/product"}],"about":[{"href":"https:\/\/h-moser.com\/fr\/wp-json\/wp\/v2\/types\/product"}],"wp:featuredmedia":[{"embeddable":true,"href":"https:\/\/h-moser.com\/fr\/wp-json\/wp\/v2\/media\/100081"}],"wp:attachment":[{"href":"https:\/\/h-moser.com\/fr\/wp-json\/wp\/v2\/media?parent=100067"}],"wp:term":[{"taxonomy":"product_brand","embeddable":true,"href":"https:\/\/h-moser.com\/fr\/wp-json\/wp\/v2\/product_brand?post=100067"},{"taxonomy":"product_cat","embeddable":true,"href":"https:\/\/h-moser.com\/fr\/wp-json\/wp\/v2\/product_cat?post=100067"},{"taxonomy":"product_tag","embeddable":true,"href":"https:\/\/h-moser.com\/fr\/wp-json\/wp\/v2\/product_tag?post=100067"}],"curies":[{"name":"wp","href":"https:\/\/api.w.org\/{rel}","templated":true}]}}